{"id":5088,"date":"2020-03-23T20:32:43","date_gmt":"2020-03-23T19:32:43","guid":{"rendered":"https:\/\/speho.com\/?page_id=5088"},"modified":"2023-11-07T18:15:33","modified_gmt":"2023-11-07T17:15:33","slug":"contacto","status":"publish","type":"page","link":"https:\/\/speho.com\/es\/contacto\/","title":{"rendered":"Contacto"},"content":{"rendered":"<style>.wp-block-kadence-spacer.kt-block-spacer-5088_cbec24-de .kt-block-spacer{height:60px;}.wp-block-kadence-spacer.kt-block-spacer-5088_cbec24-de .kt-divider{border-top-width:1px;height:1px;border-top-color:#eee;width:80%;border-top-style:solid;}<\/style>\n<div class=\"wp-block-kadence-spacer aligncenter kt-block-spacer-5088_cbec24-de\"><div class=\"kt-block-spacer kt-block-spacer-halign-center\"><\/div><\/div>\n\n\n<style>.kb-row-layout-id5088_abcb62-b2 > .kt-row-column-wrap{align-content:start;}:where(.kb-row-layout-id5088_abcb62-b2 > .kt-row-column-wrap) > .wp-block-kadence-column{justify-content:start;}.kb-row-layout-id5088_abcb62-b2 > .kt-row-column-wrap{column-gap:var(--global-kb-gap-md, 2rem);row-gap:var(--global-kb-gap-md, 2rem);padding-top:var(--global-kb-spacing-sm, 1.5rem);padding-bottom:var(--global-kb-spacing-sm, 1.5rem);grid-template-columns:minmax(0, 1fr) minmax(0, 2fr);}.kb-row-layout-id5088_abcb62-b2 > .kt-row-layout-overlay{opacity:0.30;}@media all and (max-width: 1024px){.kb-row-layout-id5088_abcb62-b2 > .kt-row-column-wrap{grid-template-columns:minmax(0, 1fr) minmax(0, 2fr);}}@media all and (max-width: 767px){.kb-row-layout-id5088_abcb62-b2 > .kt-row-column-wrap{grid-template-columns:minmax(0, 1fr);}}<\/style><div class=\"kb-row-layout-wrap kb-row-layout-id5088_abcb62-b2 alignnone container wp-block-kadence-rowlayout\"><div class=\"kt-row-column-wrap kt-has-2-columns kt-row-layout-right-golden kt-tab-layout-inherit kt-mobile-layout-row kt-row-valign-top\">\n<style>.kadence-column5088_419994-9b > .kt-inside-inner-col,.kadence-column5088_419994-9b > .kt-inside-inner-col:before{border-top-left-radius:0px;border-top-right-radius:0px;border-bottom-right-radius:0px;border-bottom-left-radius:0px;}.kadence-column5088_419994-9b > .kt-inside-inner-col{column-gap:var(--global-kb-gap-sm, 1rem);}.kadence-column5088_419994-9b > .kt-inside-inner-col{flex-direction:column;}.kadence-column5088_419994-9b > .kt-inside-inner-col > .aligncenter{width:100%;}.kadence-column5088_419994-9b > .kt-inside-inner-col:before{opacity:0.3;}.kadence-column5088_419994-9b{position:relative;}@media all and (max-width: 1024px){.kadence-column5088_419994-9b > .kt-inside-inner-col{flex-direction:column;justify-content:center;}}@media all and (max-width: 767px){.kadence-column5088_419994-9b > .kt-inside-inner-col{flex-direction:column;justify-content:center;}}<\/style>\n<div class=\"wp-block-kadence-column kadence-column5088_419994-9b inner-column-1\"><div class=\"kt-inside-inner-col\"><style>.wp-block-kadence-advancedheading.kt-adv-heading5088_44bfb0-ab, .wp-block-kadence-advancedheading.kt-adv-heading5088_44bfb0-ab[data-kb-block=\"kb-adv-heading5088_44bfb0-ab\"]{font-style:normal;}.wp-block-kadence-advancedheading.kt-adv-heading5088_44bfb0-ab mark.kt-highlight, .wp-block-kadence-advancedheading.kt-adv-heading5088_44bfb0-ab[data-kb-block=\"kb-adv-heading5088_44bfb0-ab\"] mark.kt-highlight{font-style:normal;color:#f76a0c;-webkit-box-decoration-break:clone;box-decoration-break:clone;padding-top:0px;padding-right:0px;padding-bottom:0px;padding-left:0px;}.wp-block-kadence-advancedheading.kt-adv-heading5088_44bfb0-ab img.kb-inline-image, .wp-block-kadence-advancedheading.kt-adv-heading5088_44bfb0-ab[data-kb-block=\"kb-adv-heading5088_44bfb0-ab\"] img.kb-inline-image{width:150px;vertical-align:baseline;}<\/style>\n<h3 class=\"kt-adv-heading5088_44bfb0-ab wp-block-kadence-advancedheading\" data-kb-block=\"kb-adv-heading5088_44bfb0-ab\"> Estaremos encantados de atenderte <\/h3>\n<\/div><\/div>\n\n\n<style>.kadence-column5088_ef1597-85 > .kt-inside-inner-col,.kadence-column5088_ef1597-85 > .kt-inside-inner-col:before{border-top-left-radius:0px;border-top-right-radius:0px;border-bottom-right-radius:0px;border-bottom-left-radius:0px;}.kadence-column5088_ef1597-85 > .kt-inside-inner-col{column-gap:var(--global-kb-gap-sm, 1rem);}.kadence-column5088_ef1597-85 > .kt-inside-inner-col{flex-direction:column;}.kadence-column5088_ef1597-85 > .kt-inside-inner-col > .aligncenter{width:100%;}.kadence-column5088_ef1597-85 > .kt-inside-inner-col:before{opacity:0.3;}.kadence-column5088_ef1597-85{position:relative;}@media all and (max-width: 1024px){.kadence-column5088_ef1597-85 > .kt-inside-inner-col{flex-direction:column;justify-content:center;}}@media all and (max-width: 767px){.kadence-column5088_ef1597-85 > .kt-inside-inner-col{flex-direction:column;justify-content:center;}}<\/style>\n<div class=\"wp-block-kadence-column kadence-column5088_ef1597-85 inner-column-2\"><div class=\"kt-inside-inner-col\">\n<p> Brindamos a nuestros clientes y colaboradores una asistencia profesional constante. El personal de SPEHO est\u00e1 disponible para responder preguntas y puede guiarlo paso a paso a trav\u00e9s del proceso de pedido e instalaci\u00f3n. <\/p>\n<\/div><\/div>\n\n<\/div><\/div>\n\n<style>.kb-row-layout-id5088_6ad115-0a > .kt-row-column-wrap{align-content:start;}:where(.kb-row-layout-id5088_6ad115-0a > .kt-row-column-wrap) > .wp-block-kadence-column{justify-content:start;}.kb-row-layout-id5088_6ad115-0a > .kt-row-column-wrap{column-gap:var(--global-kb-gap-md, 2rem);row-gap:var(--global-kb-gap-md, 2rem);padding-top:var(--global-kb-spacing-sm, 1.5rem);padding-bottom:var(--global-kb-spacing-sm, 1.5rem);grid-template-columns:minmax(0, 2fr) minmax(0, 1fr);}.kb-row-layout-id5088_6ad115-0a > .kt-row-layout-overlay{opacity:0.30;}@media all and (max-width: 1024px){.kb-row-layout-id5088_6ad115-0a > .kt-row-column-wrap{grid-template-columns:minmax(0, 2fr) minmax(0, 1fr);}}@media all and (max-width: 767px){.kb-row-layout-id5088_6ad115-0a > .kt-row-column-wrap{grid-template-columns:minmax(0, 1fr);}}<\/style><div class=\"kb-row-layout-wrap kb-row-layout-id5088_6ad115-0a alignnone container wp-block-kadence-rowlayout\"><div class=\"kt-row-column-wrap kt-has-2-columns kt-row-layout-left-golden kt-tab-layout-inherit kt-mobile-layout-row kt-row-valign-top\">\n<style>.kadence-column5088_1ba102-aa > .kt-inside-inner-col,.kadence-column5088_1ba102-aa > .kt-inside-inner-col:before{border-top-left-radius:0px;border-top-right-radius:0px;border-bottom-right-radius:0px;border-bottom-left-radius:0px;}.kadence-column5088_1ba102-aa > .kt-inside-inner-col{column-gap:var(--global-kb-gap-sm, 1rem);}.kadence-column5088_1ba102-aa > .kt-inside-inner-col{flex-direction:column;}.kadence-column5088_1ba102-aa > .kt-inside-inner-col > .aligncenter{width:100%;}.kadence-column5088_1ba102-aa > .kt-inside-inner-col:before{opacity:0.3;}.kadence-column5088_1ba102-aa{position:relative;}@media all and (max-width: 1024px){.kadence-column5088_1ba102-aa > .kt-inside-inner-col{flex-direction:column;justify-content:center;}}@media all and (max-width: 767px){.kadence-column5088_1ba102-aa > .kt-inside-inner-col{flex-direction:column;justify-content:center;}}<\/style>\n<div class=\"wp-block-kadence-column kadence-column5088_1ba102-aa inner-column-1\"><div class=\"kt-inside-inner-col\">\n<div class=\"wpcf7 no-js\" id=\"wpcf7-f5086-o1\" lang=\"es-ES\" dir=\"ltr\" data-wpcf7-id=\"5086\">\n<div class=\"screen-reader-response\"><p role=\"status\" aria-live=\"polite\" aria-atomic=\"true\"><\/p> <ul><\/ul><\/div>\n<form action=\"\/es\/wp-json\/wp\/v2\/pages\/5088#wpcf7-f5086-o1\" method=\"post\" class=\"wpcf7-form init\" aria-label=\"Formulario de contacto\" novalidate=\"novalidate\" data-status=\"init\">\n<fieldset class=\"hidden-fields-container\"><input type=\"hidden\" name=\"_wpcf7\" value=\"5086\" \/><input type=\"hidden\" name=\"_wpcf7_version\" value=\"6.1.5\" \/><input type=\"hidden\" name=\"_wpcf7_locale\" value=\"es_ES\" \/><input type=\"hidden\" name=\"_wpcf7_unit_tag\" value=\"wpcf7-f5086-o1\" \/><input type=\"hidden\" name=\"_wpcf7_container_post\" value=\"0\" \/><input type=\"hidden\" name=\"_wpcf7_posted_data_hash\" value=\"\" \/>\n<\/fieldset>\n<p><label> Selecciones su regi\u00f3n<br \/>\n<span class=\"wpcf7-form-control-wrap\" data-name=\"region\"><select class=\"wpcf7-form-control wpcf7-select\" aria-invalid=\"false\" name=\"region\"><option value=\"Europa\">Europa<\/option><option value=\"\u00c1frica\">\u00c1frica<\/option><option value=\"Am\u00e9rica\">Am\u00e9rica<\/option><option value=\"Asia\">Asia<\/option><option value=\"Ocean\u00eda\">Ocean\u00eda<\/option><\/select><\/span> <\/label>\n<\/p>\n<p><label> Nombre<br \/>\n<span class=\"wpcf7-form-control-wrap\" data-name=\"your-name\"><input size=\"40\" maxlength=\"400\" class=\"wpcf7-form-control wpcf7-text wpcf7-validates-as-required\" aria-required=\"true\" aria-invalid=\"false\" value=\"\" type=\"text\" name=\"your-name\" \/><\/span> <\/label><br \/>\n<span id=\"wpcf7-69e8cede8d499-wrapper\" class=\"wpcf7-form-control-wrap Apellido-wrap\" style=\"display:none !important; visibility:hidden !important;\"><label for=\"wpcf7-69e8cede8d499-field\" class=\"hp-message\">Por favor, deja este campo vac\u00edo.<\/label><input id=\"wpcf7-69e8cede8d499-field\"  class=\"wpcf7-form-control wpcf7-text\" type=\"text\" name=\"Apellido\" value=\"\" size=\"40\" tabindex=\"-1\" autocomplete=\"new-password\" \/><\/span><br \/>\n<label> Email<br \/>\n<span class=\"wpcf7-form-control-wrap\" data-name=\"your-email\"><input size=\"40\" maxlength=\"400\" class=\"wpcf7-form-control wpcf7-email wpcf7-validates-as-required wpcf7-text wpcf7-validates-as-email\" aria-required=\"true\" aria-invalid=\"false\" value=\"\" type=\"email\" name=\"your-email\" \/><\/span> <\/label>\n<\/p>\n<p><label> \u00bfPodemos ayudarle?<br \/>\n<span class=\"wpcf7-form-control-wrap\" data-name=\"your-message\"><textarea cols=\"40\" rows=\"10\" maxlength=\"2000\" class=\"wpcf7-form-control wpcf7-textarea wpcf7-validates-as-required\" aria-required=\"true\" aria-invalid=\"false\" name=\"your-message\"><\/textarea><\/span> <\/label>\n<\/p>\n<p><input type=\"hidden\" name=\"_wpcf7_captcha_challenge_captcha-1\" value=\"628513184\" \/><img decoding=\"async\" class=\"wpcf7-form-control wpcf7-captchac wpcf7-captcha-captcha-1 captcha_speho\" width=\"84\" height=\"28\" alt=\"captcha\" src=\"https:\/\/speho.com\/wp-content\/uploads\/wpcf7_captcha\/628513184.png\" \/><label>Ingrese los 4 caracteres que se muestran arriba.<\/label><br \/>\n<span class=\"wpcf7-form-control-wrap\" data-name=\"captcha-1\"><input size=\"40\" class=\"wpcf7-form-control wpcf7-captchar captcha_speho\" autocomplete=\"off\" aria-invalid=\"false\" value=\"\" type=\"text\" name=\"captcha-1\" \/><\/span>\n<\/p>\n<p><span class=\"wpcf7-form-control-wrap\" data-name=\"aceptacion\"><span class=\"wpcf7-form-control wpcf7-acceptance\"><span class=\"wpcf7-list-item\"><label><input type=\"checkbox\" name=\"aceptacion\" value=\"1\" aria-invalid=\"false\" \/><span class=\"wpcf7-list-item-label\">Acepta los t\u00e9rminos y condiciones<\/span><\/label><\/span><\/span><\/span>\n<\/p>\n<p class=\"texto_legal\">En cumplimiento de la normativa vigente en materia de protecci\u00f3n de datos le informamos que el responsable de sus datos personales es EBIR ILUMINACION SL, y los utilizar\u00e1 para responder a las solicitudes de informaci\u00f3n enviadas por los usuarios. Los datos personales recabados no ser\u00e1n en ning\u00fan caso cedidos a terceros salvo por obligaciones legales expresas. Puede ejercer los derechos que le asisten sobre protecci\u00f3n de datos en la direcci\u00f3n rgpd@ebir.com Puede consultar informaci\u00f3n adicional sobre Protecci\u00f3n de Datos en nuestro aviso legal.\n<\/p>\n<p><input class=\"wpcf7-form-control wpcf7-submit has-spinner\" type=\"submit\" value=\"Enviar\" \/>\n<\/p><div class=\"wpcf7-response-output\" aria-hidden=\"true\"><\/div>\n<\/form>\n<\/div>\n\n<\/div><\/div>\n\n\n<style>.kadence-column5088_86f021-1e > .kt-inside-inner-col,.kadence-column5088_86f021-1e > .kt-inside-inner-col:before{border-top-left-radius:0px;border-top-right-radius:0px;border-bottom-right-radius:0px;border-bottom-left-radius:0px;}.kadence-column5088_86f021-1e > .kt-inside-inner-col{column-gap:var(--global-kb-gap-sm, 1rem);}.kadence-column5088_86f021-1e > .kt-inside-inner-col{flex-direction:column;}.kadence-column5088_86f021-1e > .kt-inside-inner-col > .aligncenter{width:100%;}.kadence-column5088_86f021-1e > .kt-inside-inner-col:before{opacity:0.3;}.kadence-column5088_86f021-1e{position:relative;}@media all and (max-width: 1024px){.kadence-column5088_86f021-1e > .kt-inside-inner-col{flex-direction:column;justify-content:center;}}@media all and (max-width: 767px){.kadence-column5088_86f021-1e > .kt-inside-inner-col{flex-direction:column;justify-content:center;}}<\/style>\n<div class=\"wp-block-kadence-column kadence-column5088_86f021-1e inner-column-2\"><div class=\"kt-inside-inner-col\">\n<p>EUROPE<\/p>\n\n\n\n<p>Pol\u00edgono industrial Fuente del Jarro, <br>Calle Cdad. de Barcelona, 2-6, 46980 Paterna, Valencia<\/p>\n\n\n\n<p> projects@speho.com<br> Phone: +34 961 580 605<\/p>\n\n\n\t\t\t<div \n\t\t\tclass=\"wp-block-uagb-google-map uagb-google-map__wrap uagb-block-4401108c     \"\n\t\t\tstyle=\"\" >\n\t\t\t\t<embed\n\t\t\t\t\tclass=\"uagb-google-map__iframe\"\n\t\t\t\t\ttitle=\"Mapa de Google de\"\n\t\t\t\t\tsrc=\"https:\/\/maps.google.com\/maps?q=speho%20Illuminated%20mirrors&#038;z=12&#038;hl=en&#038;t=m&#038;output=embed&#038;iwloc=near\"\n\t\t\t\t\twidth=\"640\"\n\t\t\t\t\theight=\"300\"\n\t\t\t\t\tloading=\"lazy\"\n\t\t\t\t><\/embed>\n\t\t\t<\/div>\n\t\t\t<\/div><\/div>\n\n<\/div><\/div>\n\n<style>.wp-block-kadence-spacer.kt-block-spacer-5088_14ab1d-a6 .kt-block-spacer{height:60px;}.wp-block-kadence-spacer.kt-block-spacer-5088_14ab1d-a6 .kt-divider{border-top-width:1px;height:1px;border-top-color:#eee;width:80%;border-top-style:solid;}<\/style>\n<div class=\"wp-block-kadence-spacer aligncenter kt-block-spacer-5088_14ab1d-a6\"><div class=\"kt-block-spacer kt-block-spacer-halign-center\"><\/div><\/div>\n","protected":false},"excerpt":{"rendered":"<p>Estaremos encantados de atenderte Brindamos a nuestros clientes y colaboradores una asistencia profesional constante. El personal de SPEHO est\u00e1 disponible para responder preguntas y puede guiarlo paso a paso a trav\u00e9s del proceso de pedido e instalaci\u00f3n. EUROPE Pol\u00edgono industrial Fuente del Jarro, Calle Cdad. de Barcelona, 2-6, 46980 Paterna, Valencia projects@speho.com Phone: +34 961 [&hellip;]<\/p>\n","protected":false},"author":3,"featured_media":0,"parent":0,"menu_order":0,"comment_status":"closed","ping_status":"closed","template":"page-columna.php","meta":{"_uag_custom_page_level_css":"","pgc_sgb_lightbox_settings":"","footnotes":"","_links_to":"","_links_to_target":""},"class_list":["post-5088","page","type-page","status-publish","hentry"],"uagb_featured_image_src":{"full":false,"thumbnail":false,"medium":false,"medium_large":false,"large":false,"1536x1536":false,"2048x2048":false,"the_grid_size1":false,"the_grid_size2":false,"the_grid_size3":false,"the_grid_size4":false,"the_grid_size5":false},"uagb_author_info":{"display_name":"elisa madrid","author_link":"https:\/\/speho.com\/es\/author\/elisa\/"},"uagb_comment_info":0,"uagb_excerpt":"Estaremos encantados de atenderte Brindamos a nuestros clientes y colaboradores una asistencia profesional constante. El personal de SPEHO est\u00e1 disponible para responder preguntas y puede guiarlo paso a paso a trav\u00e9s del proceso de pedido e instalaci\u00f3n. EUROPE Pol\u00edgono industrial Fuente del Jarro, Calle Cdad. de Barcelona, 2-6, 46980 Paterna, Valencia projects@speho.com Phone: +34 961&hellip;","jetpack_sharing_enabled":true,"_links":{"self":[{"href":"https:\/\/speho.com\/es\/wp-json\/wp\/v2\/pages\/5088","targetHints":{"allow":["GET"]}}],"collection":[{"href":"https:\/\/speho.com\/es\/wp-json\/wp\/v2\/pages"}],"about":[{"href":"https:\/\/speho.com\/es\/wp-json\/wp\/v2\/types\/page"}],"author":[{"embeddable":true,"href":"https:\/\/speho.com\/es\/wp-json\/wp\/v2\/users\/3"}],"replies":[{"embeddable":true,"href":"https:\/\/speho.com\/es\/wp-json\/wp\/v2\/comments?post=5088"}],"version-history":[{"count":11,"href":"https:\/\/speho.com\/es\/wp-json\/wp\/v2\/pages\/5088\/revisions"}],"predecessor-version":[{"id":6801,"href":"https:\/\/speho.com\/es\/wp-json\/wp\/v2\/pages\/5088\/revisions\/6801"}],"wp:attachment":[{"href":"https:\/\/speho.com\/es\/wp-json\/wp\/v2\/media?parent=5088"}],"curies":[{"name":"wp","href":"https:\/\/api.w.org\/{rel}","templated":true}]}}