{"id":5346,"date":"2020-08-04T12:45:36","date_gmt":"2020-08-04T11:45:36","guid":{"rendered":"https:\/\/speho.com\/?page_id=5346"},"modified":"2024-12-14T20:25:06","modified_gmt":"2024-12-14T19:25:06","slug":"aviso-legal","status":"publish","type":"page","link":"https:\/\/speho.com\/es\/aviso-legal\/","title":{"rendered":"Aviso legal"},"content":{"rendered":"<style>.wp-block-kadence-spacer.kt-block-spacer-5346_2d12d8-20 .kt-block-spacer{height:60px;}.wp-block-kadence-spacer.kt-block-spacer-5346_2d12d8-20 .kt-divider{border-top-width:1px;height:1px;border-top-color:#eee;width:80%;border-top-style:solid;}<\/style>\n<div class=\"wp-block-kadence-spacer aligncenter kt-block-spacer-5346_2d12d8-20\"><div class=\"kt-block-spacer kt-block-spacer-halign-center\"><hr class=\"kt-divider\"\/><\/div><\/div>\n\n\n<style>.wp-block-kadence-spacer.kt-block-spacer-5346_ae54a3-e7 .kt-block-spacer{height:60px;}.wp-block-kadence-spacer.kt-block-spacer-5346_ae54a3-e7 .kt-divider{border-top-width:1px;height:1px;border-top-color:#eee;width:80%;border-top-style:solid;}<\/style>\n<div class=\"wp-block-kadence-spacer aligncenter kt-block-spacer-5346_ae54a3-e7\"><div class=\"kt-block-spacer kt-block-spacer-halign-center\"><hr class=\"kt-divider\"\/><\/div><\/div>\n\n\n<style>.wp-block-kadence-spacer.kt-block-spacer-5346_cf45a9-82 .kt-block-spacer{height:60px;}.wp-block-kadence-spacer.kt-block-spacer-5346_cf45a9-82 .kt-divider{border-top-width:1px;height:1px;border-top-color:#eee;width:80%;border-top-style:solid;}<\/style>\n<div class=\"wp-block-kadence-spacer aligncenter kt-block-spacer-5346_cf45a9-82\"><div class=\"kt-block-spacer kt-block-spacer-halign-center\"><hr class=\"kt-divider\"\/><\/div><\/div>\n\n\n\n<h1 class=\"wp-block-heading\"><strong>AVISO LEGAL<\/strong><\/h1>\n\n\n\n<p>\u00a0Fecha de \u00faltima actualizaci\u00f3n: 14\/03\/2024<\/p>\n\n\n\n<h2 class=\"wp-block-heading\">PROTECCI\u00d3N DE DATOS PERSONALES<\/h2>\n\n\n\n<h3 class=\"wp-block-heading\"><strong>DATOS DEL RESPONSABLE<\/strong><\/h3>\n\n\n\n<ul class=\"wp-block-list\">\n<li>Identidad del responsable: EBIR ILUMINACI\u00d3N S.L. (en adelante, SPEHO)<\/li>\n\n\n\n<li>CIF: B96356886<\/li>\n\n\n\n<li>Direcci\u00f3n f\u00edsica: C\/ Ciudad de Barcelona, 6, 46988, Paterna, Valencia.<\/li>\n\n\n\n<li>Tel\u00e9fono: 961 580 605<\/li>\n<\/ul>\n\n\n\n<h3 class=\"wp-block-heading\"><strong>FINALIDAD DEL TRATAMIENTO<\/strong><\/h3>\n\n\n\n<p>En www.speho.com se tratan los datos personales con las siguientes finalidades:<\/p>\n\n\n\n<ul class=\"wp-block-list\">\n<li>Contacto general: responder a las solicitudes de informaci\u00f3n sobre los productos que ofrecemos, con la finalidad de atender sus consultas y remitirle informaci\u00f3n relacionada con su solicitud.<\/li>\n\n\n\n<li>Trabaja con nosotros: realizar procesos internos de selecci\u00f3n de personal, tanto actuales como futuros.<\/li>\n\n\n\n<li>Sistema interno de informaci\u00f3n: Tratamiento de los datos personales con la finalidad de gestionar el sistema interno de informaci\u00f3n o canal \u00e9tico, investigar los hechos y proponer medidas resolutorias, prevenir incumplimientos normativos y corregir los ya detectados, as\u00ed como contribuir a la eficacia de funcionamiento de la Organizaci\u00f3n con la mejora continua de los procesos internos para la gesti\u00f3n y control de conductas ilegales o contrarias a la cultura \u00e9tica de la Organizaci\u00f3n<\/li>\n<\/ul>\n\n\n\n<h3 class=\"wp-block-heading\"><strong>CRITERIOS DE CONSERVACI\u00d3N DE LOS DATOS<\/strong><\/h3>\n\n\n\n<p>En www.speho.com se tratan los datos personales y se conservar\u00e1n mientras exista un inter\u00e9s mutuo para mantener el fin del tratamiento y cuando ya no sea necesario para tal fin, se suprimir\u00e1n con medidas de seguridad adecuadas para garantizar la seudonimizaci\u00f3n de los datos o la destrucci\u00f3n total de los mismos. Adicionalmente, se tratar\u00e1n los datos personales durante los siguientes plazos:<\/p>\n\n\n\n<ul class=\"wp-block-list\">\n<li>Contacto general: el plazo de conservaci\u00f3n de los datos se extender\u00e1 hasta que el usuario no manifieste expresamente su derecho de supresi\u00f3n.<\/li>\n\n\n\n<li>Trabaja con nosotros:\u00a0Los datos se conservar\u00e1n mientras el candidato no manifieste su derecho de cancelaci\u00f3n. <\/li>\n<\/ul>\n\n\n\n<p>Se conservar\u00e1n los datos mientras sean necesarios para cumplir con la finalidad para la cual fueron recabados. En todo caso, transcurridos tres meses desde la introducci\u00f3n de los datos, se proceder\u00e1 a su supresi\u00f3n del sistema de denuncias, salvo que la finalidad de la conservaci\u00f3n sea dejar evidencia del funcionamiento del modelo de prevenci\u00f3n de la comisi\u00f3n de delitos por la persona jur\u00eddica. Transcurrido el plazo mencionado, los datos podr\u00e1n seguir siendo tratados, por el \u00f3rgano al que corresponda la investigaci\u00f3n de los hechos denunciados, no conserv\u00e1ndose en el propio sistema de informaci\u00f3n de denuncias internas.<\/p>\n\n\n\n<h3 class=\"wp-block-heading\"><strong>LEGITIMACI\u00d3N PARA EL TRATAMIENTO DE LOS DATOS<\/strong><\/h3>\n\n\n\n<p>Los usuarios que acceden a nuestra p\u00e1gina web, o env\u00edan datos a trav\u00e9s de los medios de contacto electr\u00f3nicos indicados, aceptan este Aviso Legal. Del mismo modo, los que rellenan formularios mediante la marcaci\u00f3n de las casillas correspondientes y entrada de datos en los campos, marcados con un asterisco (*) en el formulario de contacto, aceptan expresamente y de forma libre e inequ\u00edvoca los t\u00e9rminos de privacidad, y que los datos incluidos de forma voluntaria en los campos restantes son necesarios para atender su petici\u00f3n por nuestra parte. El usuario garantiza que los datos personales facilitados a SPEHO son veraces y se hace responsable de comunicar cualquier modificaci\u00f3n de los mismos.<\/p>\n\n\n\n<p>La base legal para los tratamientos descritos es el consentimiento del usuario, quien a trav\u00e9s de sus acciones voluntarias nos proporciona su autorizaci\u00f3n para las diferentes finalidades especificadas. Adem\u00e1s, el consentimiento podr\u00e1 ser revocado en cualquier momento por parte del interesado si as\u00ed lo manifiesta.<\/p>\n\n\n\n<p>Adicionalmente SPEHO informa y garantiza expresamente a los usuarios que sus datos personales no ser\u00e1n cedidos en ning\u00fan caso a terceros, y que siempre que realizara alg\u00fan tipo de cesi\u00f3n de datos personales, se pedir\u00e1 previamente el consentimiento expreso, informado e inequ\u00edvoco por parte los usuarios. Todos los datos solicitados a trav\u00e9s del sitio web son obligatorios, ya que son necesarios para la prestaci\u00f3n de un servicio \u00f3ptimo al usuario. En caso de que no sean facilitados todos los datos, no se garantiza que la informaci\u00f3n y servicios facilitados sean completamente ajustados a sus necesidades.<\/p>\n\n\n\n<p>En cuanto al sistema interno de informaci\u00f3n, la finalidad en el tratamiento est\u00e1 legitimada por una obligaci\u00f3n legal: la Ley 2\/2023, de 20 de febrero, reguladora de la protecci\u00f3n de las personas que informen sobre infracciones normativas y de lucha contra la corrupci\u00f3n<\/p>\n\n\n\n<h3 class=\"wp-block-heading\"><strong>COMUNICACI\u00d3N DE LOS DATOS<\/strong><\/h3>\n\n\n\n<p>No se comunicar\u00e1n los datos a terceros, salvo obligaci\u00f3n legal. Tambi\u00e9n compartimos Informaci\u00f3n personal con ciertas empresas que prestan servicios a nuestra empresa (soporte y desarrollo web). Solo compartimos la informaci\u00f3n personal necesaria para que puedan prestar dichos servicios. Exigimos a cualquier empresa con la que pudi\u00e9ramos compartir Informaci\u00f3n personal que proteja esos datos de una forma que cumpla con las disposiciones de esta pol\u00edtica y que limite el uso de dicha informaci\u00f3n personal a la prestaci\u00f3n de servicios, adem\u00e1s de firmar los correspondientes contratos de acceso a datos conforme la normativa de protecci\u00f3n de datos exige en estos casos. Del mismo modo, informamos que no se realizan transferencias internacionales fuera del Espacio Econ\u00f3mico Europeo.<\/p>\n\n\n\n<h3 class=\"wp-block-heading\"><strong>DERECHOS DEL USUARIO<\/strong><\/h3>\n\n\n\n<p>El interesado podr\u00e1 ejercitar sus derechos sobre protecci\u00f3n de datos (acceso, rectificaci\u00f3n, oposici\u00f3n, supresi\u00f3n, limitaci\u00f3n, portabilidad y no ser objeto de decisiones individuales automatizadas) por correo electr\u00f3nico en\u00a0<a href=\"mailto:rgpd@ebir.com\">rgpd@ebir.com<\/a>.<\/p>\n\n\n\n<p>Los datos personales recabados podr\u00e1n ser comunicados a la administraci\u00f3n p\u00fablica con competencia en la materia y a terceros cuando resulte necesario para la adopci\u00f3n de medidas disciplinarias o para la tramitaci\u00f3n de los procedimientos judiciales que, en su caso, procedan<\/p>\n\n\n\n<p>Podr\u00e1 requerirse documentaci\u00f3n que acredite la identidad del solicitante (copia del anverso del Documento Nacional de Identidad, o equivalente). El plazo de respuesta m\u00e1ximo ser\u00e1 de 30 d\u00edas desde su recepci\u00f3n, pudiendo prorrogarse como m\u00e1ximo por un plazo de 2 meses siempre que sea necesario.<\/p>\n\n\n\n<p>En cualquier caso, puede solicitar la tutela de la Agencia Espa\u00f1ola de Protecci\u00f3n de Datos a trav\u00e9s de su p\u00e1gina web.<\/p>\n\n\n\n<h2 class=\"wp-block-heading\">CONDICIONES DE USO<\/h2>\n\n\n\n<p><strong>DATOS IDENTIFICATIVOS (Ley 34\/2002, de 11 de julio, de servicios de la sociedad de la informaci\u00f3n y de comercio electr\u00f3nico)<\/strong><\/p>\n\n\n\n<ul class=\"wp-block-list\">\n<li>Raz\u00f3n Social: EBIR ILUMINACI\u00d3N S.L. (en adelante, SPEHO)<\/li>\n\n\n\n<li>CIF: B96356886<\/li>\n\n\n\n<li>Domicilio: C\/ Ciudad de Barcelona, 6, 46988, Paterna, Valencia<\/li>\n\n\n\n<li>Tel\u00e9fono: 961 580 605<\/li>\n\n\n\n<li>Datos registrales: Inscrita en el Registro Mercantil de Valencia, tomo 5064 General 2372, Secc.Gral Libro Sociedades, Folio 19, Hoja V38468,<\/li>\n<\/ul>\n\n\n\n<h3 class=\"wp-block-heading\"><strong>USO DE LA WEB<\/strong><\/h3>\n\n\n\n<p>SPEHO, responsable del sitio web, en adelante RESPONSABLE, pone a disposici\u00f3n de los usuarios el presente documento, con el que pretende dar cumplimiento a las obligaciones dispuestas en la Ley 34\/2002, de 11 de julio, de Servicios de la Sociedad de la Informaci\u00f3n y de Comercio Electr\u00f3nico (LSSICE), BOE N \u00ba 166, as\u00ed como informar a todos los usuarios del sitio web respecto a cu\u00e1les son las condiciones de uso.<\/p>\n\n\n\n<p>Toda persona que acceda a este sitio web asume el papel de usuario, comprometi\u00e9ndose a la observancia y cumplimiento riguroso de las disposiciones aqu\u00ed dispuestas, as\u00ed como a cualquier otra disposici\u00f3n legal que fuera de aplicaci\u00f3n.<\/p>\n\n\n\n<p>SPEHO se reserva el derecho de retirar modificar cualquier tipo de informaci\u00f3n que pudiera aparecer en el sitio web, que vulneren el respeto a la dignidad de la persona, que sean discriminatorios, xen\u00f3fobos, racistas, pornogr\u00e1ficos, que atenten contra la juventud o la infancia, el orden o la seguridad p\u00fablica o que, a su juicio, no resultaran adecuados para su publicaci\u00f3n por no estar relacionados con el objetivo.&nbsp; Todo ello, sin que exista obligaci\u00f3n de preavisar o poner en conocimiento de los usuarios dichas obligaciones, entendi\u00e9ndose como suficiente con la publicaci\u00f3n en el este sitio web www.speho.com.<\/p>\n\n\n\n<p>En cualquier caso, SPEHO como administrador de su web, actuar\u00e1 diligentemente nada m\u00e1s tenga conocimiento de actos cometidos en contra del presente Aviso Legal o de su Pol\u00edtica de Privacidad.<\/p>\n\n\n\n<h3 class=\"wp-block-heading\"><strong>POL\u00cdTICA DE ENLACES<\/strong><\/h3>\n\n\n\n<p>Desde el sitio web, es posible que se redirija a contenidos de terceros sitios web. Dado que SPEHO no puede controlar siempre los contenidos introducidos por los terceros en sus respectivos sitios web, no asume ning\u00fan tipo de responsabilidad respecto a dichos contenidos. En todo caso, proceder\u00e1 a la retirada inmediata de cualquier contenido que pudiera contravenir la legislaci\u00f3n nacional o internacional, la moral o el orden p\u00fablico, procediendo a la retirada inmediata de la redirecci\u00f3n a dicho sitio web, poniendo en conocimiento de las autoridades competentes el contenido en cuesti\u00f3n.<\/p>\n\n\n\n<p>SPEHO no se hace responsable de la informaci\u00f3n y contenidos almacenados, a t\u00edtulo enunciativo pero no limitativo, en foros, chats, generadores de blogs, comentarios, redes sociales o cualquier otro medio que permita a terceros publicar contenidos de forma independiente en la p\u00e1gina web de SPEHO. Sin embargo, y en cumplimiento de lo dispuesto en los art\u00edculos 11 y 16 de la LSSICE, se pone a disposici\u00f3n de todos los usuarios, autoridades y fuerzas de seguridad, colaborando de forma activa en la retirada o, en su caso, bloqueo de todos aquellos contenidos que puedan afectar o contravenir la legislaci\u00f3n nacional o internacional, los derechos de terceros o la moral y el orden p\u00fablico. En caso de que el usuario considere que existe en el sitio web alg\u00fan contenido que pudiera ser susceptible de esta clasificaci\u00f3n, se ruega lo notifique de forma inmediata al administrador del sitio web.<\/p>\n\n\n\n<h3 class=\"wp-block-heading\"><strong>DIRECCIONES IP<\/strong><\/h3>\n\n\n\n<p>Los servidores del sitio web podr\u00e1n detectar de manera autom\u00e1tica la direcci\u00f3n IP y el nombre de dominio utilizados por el usuario. Una direcci\u00f3n IP es un n\u00famero asignado autom\u00e1ticamente a un ordenador cuando \u00e9ste se conecta a Internet. Toda esta informaci\u00f3n es registrada en un fichero de actividad del servidor debidamente inscrito que permite el posterior procesamiento de los datos con el fin de obtener mediciones \u00fanicamente estad\u00edsticas que permitan conocer el n\u00famero de impresiones de p\u00e1ginas, el n\u00famero de visitas realizadas a los servidores web, el orden de visitas, el punto de acceso, etc.<\/p>\n\n\n\n<h3 class=\"wp-block-heading\"><strong>DERECHOS DE PROPIEDAD INTELECTUAL<\/strong><\/h3>\n\n\n\n<p>El sitio web, incluyendo a t\u00edtulo enunciativo pero no limitativo su programaci\u00f3n, edici\u00f3n, compilaci\u00f3n y dem\u00e1s elementos necesarios para su funcionamiento, los dise\u00f1os, logotipos, texto y\/o gr\u00e1ficos, son propiedad de SPEHO o, si es el caso, dispone de licencia o autorizaci\u00f3n expresa por parte de los autores. Todos los contenidos del sitio web se encuentran debidamente protegidos por la normativa de propiedad intelectual e industrial, as\u00ed como inscritos en los registros p\u00fablicos correspondientes.<\/p>\n\n\n\n<p>Independientemente de la finalidad para la que fueran destinados, la reproducci\u00f3n total o parcial, uso, explotaci\u00f3n, distribuci\u00f3n y comercializaci\u00f3n, requiere en todo caso de la autorizaci\u00f3n escrita previa por parte del SPEHO. Cualquier uso no autorizado previamente se considera un incumplimiento grave de los derechos de propiedad intelectual o industrial del autor.<\/p>\n\n\n\n<p>Los dise\u00f1os, logotipos, texto y\/o gr\u00e1ficos ajenos a SPEHO y que pudieran aparecer en el sitio web, pertenecen a sus respectivos propietarios, siendo ellos mismos responsables de cualquier posible controversia que pudiera suscitarse respecto a los mismos. SPEHO autoriza expresamente a que terceros puedan redirigir directamente a los contenidos concretos del sitio web, y en todo caso redirigir al sitio web principal de www.speho.com.<\/p>\n\n\n\n<p>SPEHO reconoce a favor de sus titulares los correspondientes derechos de propiedad intelectual e industrial, no implicando su sola menci\u00f3n o aparici\u00f3n en el sitio web la existencia de derechos o responsabilidad alguna sobre los mismos, como tampoco respaldo, patrocinio o recomendaci\u00f3n por parte del mismo.<\/p>\n\n\n\n<p>Para realizar cualquier tipo de observaci\u00f3n respecto a posibles incumplimientos de los derechos de propiedad intelectual o industrial, as\u00ed como sobre cualquiera de los contenidos del sitio web, puede hacerlo a trav\u00e9s del correo electr\u00f3nico&nbsp;<a href=\"mailto:rgpd@ebir.com\">rgpd@ebir.com<\/a>.<\/p>\n\n\n\n<h3 class=\"wp-block-heading\"><strong>LIMITACI\u00d3N DE RESPONSABILIDADES<\/strong><\/h3>\n\n\n\n<p>SPEHO responder\u00e1 de los da\u00f1os y perjuicios que el usuario pueda sufrir como consecuencia de la utilizaci\u00f3n del sitio web cuando dichos da\u00f1os sean directamente imputables a una actuaci\u00f3n incorrecta de esta entidad, habiendo probado que no ha cumplido las exigencias y requisitos legales y reglamentariamente establecidos. Es responsabilidad del usuario adoptar todas las medidas t\u00e9cnicas adecuadas para controlar razonablemente los riesgos de la navegaci\u00f3n abierta por Internet y evitar da\u00f1os en sus equipos, p\u00e9rdida de datos y robo de informaci\u00f3n confidencial.<\/p>\n\n\n\n<p>Este sitio web ha sido revisado y probado para que funcione correctamente. En principio, puede garantizarse el correcto funcionamiento los 365 d\u00edas del a\u00f1o, 24 horas al d\u00eda. Sin embargo, SPEHO no se hace responsable de los perjuicios que se pudieran derivar de interferencias, omisiones, interrupciones, virus inform\u00e1ticos, aver\u00edas y\/o desconexiones en el funcionamiento operativo de este sitio web o en los aparatos y equipos inform\u00e1ticos de los usuarios, motivadas por causas ajenas a SPEHO, que impidan o retrasen la prestaci\u00f3n de los servicios o la navegaci\u00f3n por el sitio web, ni de los retrasos o bloqueos en el uso causados por deficiencias o sobrecargas de Internet o en otros sistemas, ni de la imposibilidad de dar el servicio o permitir el acceso por causas no imputables a SPEHO debidas al usuario, a terceros, o a supuestos de fuerza mayor. SPEHO no ser\u00e1 responsable si no tiene conocimiento efectivo de que la actividad o la informaci\u00f3n a la que remite o recomienda a trav\u00e9s de sus enlaces es il\u00edcita o de que lesiona bienes o derechos de un tercero susceptibles de indemnizaci\u00f3n, o si lo tiene, act\u00faa con diligencia para suprimir o inutilizar el enlace o la informaci\u00f3n correspondiente.<\/p>\n\n\n\n<h3 class=\"wp-block-heading\"><strong>SEGURIDAD DE LA WEB<\/strong><\/h3>\n\n\n\n<p>La web utiliza t\u00e9cnicas de seguridad de la informaci\u00f3n com\u00fanmente aceptadas en la industria, tales como firewalls, procedimientos de control de acceso, comunicaciones seguras o mecanismos criptogr\u00e1ficos, entre otros, todo ello con el objeto de prevenir y reducir los incidentes de seguridad sobre los datos (confidencialidad, integridad y disponibilidad). Para lograr estos fines, el usuario acepta que el prestador obtenga datos para efectos de la correspondiente autenticaci\u00f3n de los controles de acceso y la prestaci\u00f3n de los servicios que deben ejecutarse para el uso de la web.<\/p>\n\n\n\n<p>La seguridad online tambi\u00e9n se establece a trav\u00e9s de los par\u00e1metros de configuraci\u00f3n de los diferentes navegadores web, por lo que se recomienda encarecidamente su consulta.<\/p>\n\n\n\n<h3 class=\"wp-block-heading\"><strong>JURISDICCI\u00d3N Y LEYES APLICABLES<\/strong><\/h3>\n\n\n\n<p>Para la resoluci\u00f3n de todas las controversias o cuestiones relacionadas con el presente sitio web o de las actividades en \u00e9l desarrolladas, ser\u00e1 de aplicaci\u00f3n la legislaci\u00f3n espa\u00f1ola, a la que se someten expresamente las partes, siendo competentes para la resoluci\u00f3n de todos los conflictos derivados o relacionados con su uso los Juzgados y Tribunales m\u00e1s cercanos a VALENCIA.<\/p>\n\n\n\n<h3 class=\"wp-block-heading\"><strong>MODIFICACI\u00d3N DEL AVISO LEGAL<\/strong><\/h3>\n\n\n\n<p>Eventualmente, este Aviso Legal pueden ser revisadas con el fin de actualizar los cambios en la legislaci\u00f3n vigente, actualizar nuestros procedimientos de recogida y uso de la informaci\u00f3n, la aparici\u00f3n de nuevos servicios o la exclusi\u00f3n de otros. Estos cambios ser\u00e1n vigentes a partir de su publicaci\u00f3n en la web, por lo que es importante que revises regularmente este Aviso Legal con el fin de permanecer informado sobre los cambios habidos.<\/p>\n\n\n\n<h3 class=\"wp-block-heading\"><strong>COOKIES<\/strong><\/h3>\n\n\n\n<p>Consultar la \u201c<a href=\"http:\/\/speho.com\/politica-de-cookies\/\">Pol\u00edtica de Cookies<\/a>\u201d.<\/p>\n","protected":false},"excerpt":{"rendered":"<p>AVISO LEGAL \u00a0Fecha de \u00faltima actualizaci\u00f3n: 14\/03\/2024 PROTECCI\u00d3N DE DATOS PERSONALES DATOS DEL RESPONSABLE FINALIDAD DEL TRATAMIENTO En www.speho.com se tratan los datos personales con las siguientes finalidades: CRITERIOS DE CONSERVACI\u00d3N DE LOS DATOS En www.speho.com se tratan los datos personales y se conservar\u00e1n mientras exista un inter\u00e9s mutuo para mantener el fin del tratamiento [&hellip;]<\/p>\n","protected":false},"author":3,"featured_media":0,"parent":0,"menu_order":0,"comment_status":"closed","ping_status":"closed","template":"blank-page-with-container.php","meta":{"_uag_custom_page_level_css":"","pgc_sgb_lightbox_settings":"","footnotes":"","_links_to":"","_links_to_target":""},"class_list":["post-5346","page","type-page","status-publish","hentry"],"uagb_featured_image_src":{"full":false,"thumbnail":false,"medium":false,"medium_large":false,"large":false,"1536x1536":false,"2048x2048":false,"the_grid_size1":false,"the_grid_size2":false,"the_grid_size3":false,"the_grid_size4":false,"the_grid_size5":false},"uagb_author_info":{"display_name":"elisa madrid","author_link":"https:\/\/speho.com\/es\/author\/elisa\/"},"uagb_comment_info":0,"uagb_excerpt":"AVISO LEGAL \u00a0Fecha de \u00faltima actualizaci\u00f3n: 14\/03\/2024 PROTECCI\u00d3N DE DATOS PERSONALES DATOS DEL RESPONSABLE FINALIDAD DEL TRATAMIENTO En www.speho.com se tratan los datos personales con las siguientes finalidades: CRITERIOS DE CONSERVACI\u00d3N DE LOS DATOS En www.speho.com se tratan los datos personales y se conservar\u00e1n mientras exista un inter\u00e9s mutuo para mantener el fin del tratamiento&hellip;","jetpack_sharing_enabled":true,"_links":{"self":[{"href":"https:\/\/speho.com\/es\/wp-json\/wp\/v2\/pages\/5346","targetHints":{"allow":["GET"]}}],"collection":[{"href":"https:\/\/speho.com\/es\/wp-json\/wp\/v2\/pages"}],"about":[{"href":"https:\/\/speho.com\/es\/wp-json\/wp\/v2\/types\/page"}],"author":[{"embeddable":true,"href":"https:\/\/speho.com\/es\/wp-json\/wp\/v2\/users\/3"}],"replies":[{"embeddable":true,"href":"https:\/\/speho.com\/es\/wp-json\/wp\/v2\/comments?post=5346"}],"version-history":[{"count":10,"href":"https:\/\/speho.com\/es\/wp-json\/wp\/v2\/pages\/5346\/revisions"}],"predecessor-version":[{"id":7974,"href":"https:\/\/speho.com\/es\/wp-json\/wp\/v2\/pages\/5346\/revisions\/7974"}],"wp:attachment":[{"href":"https:\/\/speho.com\/es\/wp-json\/wp\/v2\/media?parent=5346"}],"curies":[{"name":"wp","href":"https:\/\/api.w.org\/{rel}","templated":true}]}}