{"id":5389,"date":"2020-08-04T15:38:09","date_gmt":"2020-08-04T14:38:09","guid":{"rendered":"https:\/\/speho.com\/?page_id=5389"},"modified":"2021-06-17T21:47:29","modified_gmt":"2021-06-17T20:47:29","slug":"condiciones-de-venta","status":"publish","type":"page","link":"https:\/\/speho.com\/es\/condiciones-de-venta\/","title":{"rendered":"Condiciones de venta"},"content":{"rendered":"<style>.wp-block-kadence-spacer.kt-block-spacer-_bc7b6a-17 .kt-block-spacer{height:60px;}.wp-block-kadence-spacer.kt-block-spacer-_bc7b6a-17 .kt-divider{border-top-width:1px;height:1px;border-top-color:#eee;width:80%;border-top-style:solid;}<\/style>\n<div class=\"wp-block-kadence-spacer aligncenter kt-block-spacer-_bc7b6a-17\"><div class=\"kt-block-spacer kt-block-spacer-halign-center\" style=\"height:60px\"><hr class=\"kt-divider\" style=\"border-top-color:#eee;border-top-width:1px;width:80%;border-top-style:solid\"\/><\/div><\/div>\n\n\n<style>.wp-block-kadence-spacer.kt-block-spacer-_6e5449-f1 .kt-block-spacer{height:60px;}.wp-block-kadence-spacer.kt-block-spacer-_6e5449-f1 .kt-divider{border-top-width:1px;height:1px;border-top-color:#eee;width:80%;border-top-style:solid;}<\/style>\n<div class=\"wp-block-kadence-spacer aligncenter kt-block-spacer-_6e5449-f1\"><div class=\"kt-block-spacer kt-block-spacer-halign-center\" style=\"height:60px\"><hr class=\"kt-divider\" style=\"border-top-color:#eee;border-top-width:1px;width:80%;border-top-style:solid\"\/><\/div><\/div>\n\n\n<style>.wp-block-kadence-spacer.kt-block-spacer-_d6773f-2e .kt-block-spacer{height:60px;}.wp-block-kadence-spacer.kt-block-spacer-_d6773f-2e .kt-divider{border-top-width:1px;height:1px;border-top-color:#eee;width:80%;border-top-style:solid;}<\/style>\n<div class=\"wp-block-kadence-spacer aligncenter kt-block-spacer-_d6773f-2e\"><div class=\"kt-block-spacer kt-block-spacer-halign-center\" style=\"height:60px\"><hr class=\"kt-divider\" style=\"border-top-color:#eee;border-top-width:1px;width:80%;border-top-style:solid\"\/><\/div><\/div>\n\n\n\n<h2 class=\"wp-block-heading\">Titular y condiciones generales de contrataci\u00f3n<\/h2>\n\n\n\n<p>Las presentes Condiciones Generales de Contrataci\u00f3n &#8211; ahora en adelante CGC -, regulan las condiciones de compra de los diferentes productos ofrecidos en nuestra web: www.Speho.com, de propriedad de EBIR ILUMINACI\u00d3N S.L., (en adelante, EBIR) con CIF: B96356886 y Domicilio fiscal y social:<\/p>\n\n\n\n<p>CALLE CIUDAD DE BARCELONA, S\/N Puertas 2 y 6 PL. INDUSTRIAL FUENTE DEL JARRO 2 FASE 46980 PATERNA &#8211; (VALENCIA)<\/p>\n\n\n\n<p>Datos registrales: Inscrita en el Registro Mercantil de Valencia, tomo 5064 General 2372, Secc.Gral Libro Sociedades, Folio 19, Hoja V38468,<\/p>\n\n\n\n<p>Los usuarios que realicen compras en www.speho.com aceptan plenamente las presentes CGC y quedaran vinculados por estas, tal y como si fueran escritas en el momento de contrataci\u00f3n\/compra.<\/p>\n\n\n\n<p>EBIR se reserva el derecho de modificar las CGC en cualquier momento y sin previo aviso. Las CGC estar\u00e1n siempre accesibles a partir del sitio web, para que el usuario pueda consultarlas o imprimirlas en cualquier momento.<\/p>\n\n\n\n<p>Los precios y condiciones de venta tienen un car\u00e1cter meramente informativo y pueden ser modificados en atenci\u00f3n a las fluctuaciones del mercado. No obstante, la realizaci\u00f3n del pedido mediante la cumplimentaci\u00f3n del formulario de compra, implica la conformidad con el precio ofertado y con las condiciones generales de venta vigentes en ese concreto momento. Una vez formalizado el pedido, se entender\u00e1 perfeccionada la compra de pleno derecho, con todas las garant\u00edas legales que amparan al consumidor adquirente y, desde ese instante, los precios y condiciones tendr\u00e1n car\u00e1cter contractual y no podr\u00e1n ser modificados sin el expreso acuerdo de ambos contratantes. El castellano ser\u00e1 la lengua utilizada para formalizar el contrato. El documento electr\u00f3nico en que se formalice el contrato se archivar\u00e1 y el usuario tendr\u00e1 acceso a \u00e9l en su zona de cliente.<br>Condiciones revisadas a 5 de junio de 2020<\/p>\n\n\n\n<h2 class=\"wp-block-heading\">Env\u00edos<\/h2>\n\n\n\n<ul class=\"wp-block-list\"><li>Los plazos de entrega para la salida de material ser\u00e1n de m\u00e1ximo 3 d\u00edas h\u00e1biles, a los que se sumaran las 48-72h del plazo de servicio de la agencia de transportes. No podemos garantizar estos plazos de entrega, si bien intentamos que las empresas de transporte los cumplan siempre que sea posible.<\/li><li>Los plazos de entrega depender\u00e1n de la disponibilidad de cada producto, la cual se encuentra indicada en todos y cada uno de los productos ofertados. En los pedidos que incluyan varios art\u00edculos se har\u00e1 un \u00fanico env\u00edo y el plazo de entrega se corresponder\u00e1 con el art\u00edculo cuyo plazo de entrega sea mayor. El cliente dispondr\u00e1 de 72 horas para comprobar la integridad de todos los componentes del pedido y para comprobar que se incluye todo lo que debe en los productos incluidos. Pasadas estas 72 horas se dar\u00e1 por aceptado el env\u00edo y no se aceptar\u00e1n reclamaciones por desperfectos o fallos con el env\u00edo.<\/li><li>Se considerar\u00e1 entregado un pedido cuando sea firmado el recibo de entrega por parte del cliente. Es en las pr\u00f3ximas 72 horas cuando el cliente debe verificar los productos a la recepci\u00f3n de los mismos y exponer todas las objeciones que pudiesen existir.<\/li><li>En caso de recibir un producto da\u00f1ado por el transporte es recomendable contactarnos dentro de las primeras 24 horas para poder reclamar la incidencia a la empresa de transporte. De la misma forma es conveniente dejar constancia a la empresa de transporte<\/li><\/ul>\n\n\n\n<h2 class=\"wp-block-heading\">Desistimiento<\/h2>\n\n\n\n<p>A estos efectos, EBIR informa que el Texto Refundido de la Ley General para la Defensa de los Consumidores y Usuarios (TRLGDCU) establece varias opciones para poder ejercer el derecho de desistimiento. Entre ellas contempla la posibilidad de hacerlo rellenando un formulario de forma telem\u00e1tica. Con el fin de acortar los tiempos y de que pueda realizar la devoluci\u00f3n de una forma c\u00f3moda y sin demoras, desde EBIR le aconsejamos que haga uso de esa opci\u00f3n y rellene el formulario de desistimiento solicit\u00e1ndonoslo por email.<br>Conforme a la legislaci\u00f3n vigente, se puede proceder dejar sin efecto el contrato celebrado, sin necesidad de justificar tal decisi\u00f3n y sin penalizaci\u00f3n de ninguna clase, en un plazo de 14 d\u00edas naturales desde la recepci\u00f3n de la mercanc\u00eda por el cliente. Para ello se deben cumplir las condiciones expuestas en el documento.<\/p>\n\n\n\n<p>Una vez recibamos el\/los producto\/s, te devolveremos el dinero seg\u00fan la forma de pago que hayas utilizado.<br>Condiciones de devoluciones para clientes particulares<\/p>\n\n\n\n<ul class=\"wp-block-list\"><li>Toda mercanc\u00eda debe ser devuelta en su embalaje y condiciones originales, en perfecto estado y protegida, evitando pegatinas, precintos o cintas adhesivas directamente sobre la superficie o embalaje del art\u00edculo. En caso contrario EBIR se reserva el derecho de rechazar la devoluci\u00f3n.<\/li><li>Una vez rellenado y enviado el formulario de desistimiento, recibir\u00e1s las instrucciones para que nos lo hagas llegar a nuestras instalaciones en tu correo electr\u00f3nico. Deber\u00e1s enviar los bienes sin ninguna demora, en un plazo m\u00e1ximo de 14 d\u00edas naturales desde que nos comuniques tu deseo de ejercer el derecho.<\/li><li>Los gastos de transporte originados por la devoluci\u00f3n correr\u00e1n a cargo de EBIR.<\/li><li>Una vez recibida la mercanc\u00eda y comprobada que est\u00e1 en perfectas condiciones, se tramitar\u00e1 la devoluci\u00f3n del importe.<\/li><li>Garant\u00edas<\/li><li>La garant\u00eda no cubre aquellos defectos provocados por un uso incorrecto del producto y\/o manipulaci\u00f3n del mismo distinta a la necesaria para establecer su naturaleza, caracter\u00edsticas o su funcionamiento. En esos casos el consumidor deber\u00e1 hacerse cargo de su reparaci\u00f3n. Quedan, por tanto, excluidos de la garant\u00eda:<\/li><li>Defectos y deterioros producidos por hechos externos, accidentes, principalmente accidentes el\u00e9ctricos, por desgaste y por utilizaci\u00f3n no conforme a las instrucciones de EBIR.<\/li><li>Productos modificados o reparados por el cliente o cualquier otra persona no autorizada por EBIR.<\/li><\/ul>\n","protected":false},"excerpt":{"rendered":"<p>Titular y condiciones generales de contrataci\u00f3n Las presentes Condiciones Generales de Contrataci\u00f3n &#8211; ahora en adelante CGC -, regulan las condiciones de compra de los diferentes productos ofrecidos en nuestra web: www.Speho.com, de propriedad de EBIR ILUMINACI\u00d3N S.L., (en adelante, EBIR) con CIF: B96356886 y Domicilio fiscal y social: CALLE CIUDAD DE BARCELONA, S\/N Puertas [&hellip;]<\/p>\n","protected":false},"author":3,"featured_media":0,"parent":0,"menu_order":0,"comment_status":"closed","ping_status":"closed","template":"blank-page-with-container.php","meta":{"_uag_custom_page_level_css":"","pgc_sgb_lightbox_settings":"","footnotes":"","_links_to":"","_links_to_target":""},"class_list":["post-5389","page","type-page","status-publish","hentry"],"uagb_featured_image_src":{"full":false,"thumbnail":false,"medium":false,"medium_large":false,"large":false,"1536x1536":false,"2048x2048":false,"the_grid_size1":false,"the_grid_size2":false,"the_grid_size3":false,"the_grid_size4":false,"the_grid_size5":false},"uagb_author_info":{"display_name":"elisa madrid","author_link":"https:\/\/speho.com\/es\/author\/elisa\/"},"uagb_comment_info":0,"uagb_excerpt":"Titular y condiciones generales de contrataci\u00f3n Las presentes Condiciones Generales de Contrataci\u00f3n &#8211; ahora en adelante CGC -, regulan las condiciones de compra de los diferentes productos ofrecidos en nuestra web: www.Speho.com, de propriedad de EBIR ILUMINACI\u00d3N S.L., (en adelante, EBIR) con CIF: B96356886 y Domicilio fiscal y social: CALLE CIUDAD DE BARCELONA, S\/N Puertas&hellip;","jetpack_sharing_enabled":true,"_links":{"self":[{"href":"https:\/\/speho.com\/es\/wp-json\/wp\/v2\/pages\/5389","targetHints":{"allow":["GET"]}}],"collection":[{"href":"https:\/\/speho.com\/es\/wp-json\/wp\/v2\/pages"}],"about":[{"href":"https:\/\/speho.com\/es\/wp-json\/wp\/v2\/types\/page"}],"author":[{"embeddable":true,"href":"https:\/\/speho.com\/es\/wp-json\/wp\/v2\/users\/3"}],"replies":[{"embeddable":true,"href":"https:\/\/speho.com\/es\/wp-json\/wp\/v2\/comments?post=5389"}],"version-history":[{"count":4,"href":"https:\/\/speho.com\/es\/wp-json\/wp\/v2\/pages\/5389\/revisions"}],"predecessor-version":[{"id":5637,"href":"https:\/\/speho.com\/es\/wp-json\/wp\/v2\/pages\/5389\/revisions\/5637"}],"wp:attachment":[{"href":"https:\/\/speho.com\/es\/wp-json\/wp\/v2\/media?parent=5389"}],"curies":[{"name":"wp","href":"https:\/\/api.w.org\/{rel}","templated":true}]}}