{"id":7596,"date":"2024-06-18T16:46:19","date_gmt":"2024-06-18T15:46:19","guid":{"rendered":"https:\/\/speho.com\/?page_id=7596"},"modified":"2024-06-20T13:47:32","modified_gmt":"2024-06-20T12:47:32","slug":"contactez-nous","status":"publish","type":"page","link":"https:\/\/speho.com\/fr\/contactez-nous\/","title":{"rendered":"Contactez-nous"},"content":{"rendered":"<style>.wp-block-kadence-spacer.kt-block-spacer-7596_dd710e-df .kt-block-spacer{height:60px;}.wp-block-kadence-spacer.kt-block-spacer-7596_dd710e-df .kt-divider{border-top-width:1px;height:1px;border-top-color:#eee;width:80%;border-top-style:solid;}<\/style>\n<div class=\"wp-block-kadence-spacer aligncenter kt-block-spacer-7596_dd710e-df\"><div class=\"kt-block-spacer kt-block-spacer-halign-center\"><\/div><\/div>\n\n\n<style>.kb-row-layout-id7596_9a3613-14 > .kt-row-column-wrap{align-content:start;}:where(.kb-row-layout-id7596_9a3613-14 > .kt-row-column-wrap) > .wp-block-kadence-column{justify-content:start;}.kb-row-layout-id7596_9a3613-14 > .kt-row-column-wrap{column-gap:var(--global-kb-gap-md, 2rem);row-gap:var(--global-kb-gap-md, 2rem);padding-top:var(--global-kb-spacing-sm, 1.5rem);padding-bottom:var(--global-kb-spacing-sm, 1.5rem);grid-template-columns:minmax(0, 1fr) minmax(0, 2fr);}.kb-row-layout-id7596_9a3613-14 > .kt-row-layout-overlay{opacity:0.30;}@media all and (max-width: 1024px){.kb-row-layout-id7596_9a3613-14 > .kt-row-column-wrap{grid-template-columns:minmax(0, 1fr) minmax(0, 2fr);}}@media all and (max-width: 767px){.kb-row-layout-id7596_9a3613-14 > .kt-row-column-wrap{grid-template-columns:minmax(0, 1fr);}}<\/style><div class=\"kb-row-layout-wrap kb-row-layout-id7596_9a3613-14 alignnone container wp-block-kadence-rowlayout\"><div class=\"kt-row-column-wrap kt-has-2-columns kt-row-layout-right-golden kt-tab-layout-inherit kt-mobile-layout-row kt-row-valign-top\">\n<style>.kadence-column7596_701029-1c > .kt-inside-inner-col,.kadence-column7596_701029-1c > .kt-inside-inner-col:before{border-top-left-radius:0px;border-top-right-radius:0px;border-bottom-right-radius:0px;border-bottom-left-radius:0px;}.kadence-column7596_701029-1c > .kt-inside-inner-col{column-gap:var(--global-kb-gap-sm, 1rem);}.kadence-column7596_701029-1c > .kt-inside-inner-col{flex-direction:column;}.kadence-column7596_701029-1c > .kt-inside-inner-col > .aligncenter{width:100%;}.kadence-column7596_701029-1c > .kt-inside-inner-col:before{opacity:0.3;}.kadence-column7596_701029-1c{position:relative;}@media all and (max-width: 1024px){.kadence-column7596_701029-1c > .kt-inside-inner-col{flex-direction:column;justify-content:center;}}@media all and (max-width: 767px){.kadence-column7596_701029-1c > .kt-inside-inner-col{flex-direction:column;justify-content:center;}}<\/style>\n<div class=\"wp-block-kadence-column kadence-column7596_701029-1c inner-column-1\"><div class=\"kt-inside-inner-col\"><style>.wp-block-kadence-advancedheading.kt-adv-heading7596_ac6ea4-d2, .wp-block-kadence-advancedheading.kt-adv-heading7596_ac6ea4-d2[data-kb-block=\"kb-adv-heading7596_ac6ea4-d2\"]{font-style:normal;}.wp-block-kadence-advancedheading.kt-adv-heading7596_ac6ea4-d2 mark.kt-highlight, .wp-block-kadence-advancedheading.kt-adv-heading7596_ac6ea4-d2[data-kb-block=\"kb-adv-heading7596_ac6ea4-d2\"] mark.kt-highlight{font-style:normal;color:#f76a0c;-webkit-box-decoration-break:clone;box-decoration-break:clone;padding-top:0px;padding-right:0px;padding-bottom:0px;padding-left:0px;}.wp-block-kadence-advancedheading.kt-adv-heading7596_ac6ea4-d2 img.kb-inline-image, .wp-block-kadence-advancedheading.kt-adv-heading7596_ac6ea4-d2[data-kb-block=\"kb-adv-heading7596_ac6ea4-d2\"] img.kb-inline-image{width:150px;vertical-align:baseline;}<\/style>\n<h3 class=\"kt-adv-heading7596_ac6ea4-d2 wp-block-kadence-advancedheading\" data-kb-block=\"kb-adv-heading7596_ac6ea4-d2\">Nous nous ferons un plaisir de vous aider <\/h3>\n<\/div><\/div>\n\n\n<style>.kadence-column7596_9fe04b-12 > .kt-inside-inner-col,.kadence-column7596_9fe04b-12 > .kt-inside-inner-col:before{border-top-left-radius:0px;border-top-right-radius:0px;border-bottom-right-radius:0px;border-bottom-left-radius:0px;}.kadence-column7596_9fe04b-12 > .kt-inside-inner-col{column-gap:var(--global-kb-gap-sm, 1rem);}.kadence-column7596_9fe04b-12 > .kt-inside-inner-col{flex-direction:column;}.kadence-column7596_9fe04b-12 > .kt-inside-inner-col > .aligncenter{width:100%;}.kadence-column7596_9fe04b-12 > .kt-inside-inner-col:before{opacity:0.3;}.kadence-column7596_9fe04b-12{position:relative;}@media all and (max-width: 1024px){.kadence-column7596_9fe04b-12 > .kt-inside-inner-col{flex-direction:column;justify-content:center;}}@media all and (max-width: 767px){.kadence-column7596_9fe04b-12 > .kt-inside-inner-col{flex-direction:column;justify-content:center;}}<\/style>\n<div class=\"wp-block-kadence-column kadence-column7596_9fe04b-12 inner-column-2\"><div class=\"kt-inside-inner-col\">\n<p>Nous offrons \u00e0 nos clients et partenaires un soutien professionnel permanent. Le personnel de SPEHO est \u00e0 votre disposition pour r\u00e9pondre \u00e0 vos questions et vous guider pas \u00e0 pas dans le processus de commande et d&rsquo;installation.<\/p>\n<\/div><\/div>\n\n<\/div><\/div>\n\n<style>.kb-row-layout-id7596_77a341-90 > .kt-row-column-wrap{align-content:start;}:where(.kb-row-layout-id7596_77a341-90 > .kt-row-column-wrap) > .wp-block-kadence-column{justify-content:start;}.kb-row-layout-id7596_77a341-90 > .kt-row-column-wrap{column-gap:var(--global-kb-gap-md, 2rem);row-gap:var(--global-kb-gap-md, 2rem);padding-top:var(--global-kb-spacing-sm, 1.5rem);padding-bottom:var(--global-kb-spacing-sm, 1.5rem);grid-template-columns:minmax(0, 2fr) minmax(0, 1fr);}.kb-row-layout-id7596_77a341-90 > .kt-row-layout-overlay{opacity:0.30;}@media all and (max-width: 1024px){.kb-row-layout-id7596_77a341-90 > .kt-row-column-wrap{grid-template-columns:minmax(0, 2fr) minmax(0, 1fr);}}@media all and (max-width: 767px){.kb-row-layout-id7596_77a341-90 > .kt-row-column-wrap{grid-template-columns:minmax(0, 1fr);}}<\/style><div class=\"kb-row-layout-wrap kb-row-layout-id7596_77a341-90 alignnone container wp-block-kadence-rowlayout\"><div class=\"kt-row-column-wrap kt-has-2-columns kt-row-layout-left-golden kt-tab-layout-inherit kt-mobile-layout-row kt-row-valign-top\">\n<style>.kadence-column7596_9c8849-d8 > .kt-inside-inner-col,.kadence-column7596_9c8849-d8 > .kt-inside-inner-col:before{border-top-left-radius:0px;border-top-right-radius:0px;border-bottom-right-radius:0px;border-bottom-left-radius:0px;}.kadence-column7596_9c8849-d8 > .kt-inside-inner-col{column-gap:var(--global-kb-gap-sm, 1rem);}.kadence-column7596_9c8849-d8 > .kt-inside-inner-col{flex-direction:column;}.kadence-column7596_9c8849-d8 > .kt-inside-inner-col > .aligncenter{width:100%;}.kadence-column7596_9c8849-d8 > .kt-inside-inner-col:before{opacity:0.3;}.kadence-column7596_9c8849-d8{position:relative;}@media all and (max-width: 1024px){.kadence-column7596_9c8849-d8 > .kt-inside-inner-col{flex-direction:column;justify-content:center;}}@media all and (max-width: 767px){.kadence-column7596_9c8849-d8 > .kt-inside-inner-col{flex-direction:column;justify-content:center;}}<\/style>\n<div class=\"wp-block-kadence-column kadence-column7596_9c8849-d8 inner-column-1\"><div class=\"kt-inside-inner-col\">\n<div class=\"wpcf7 no-js\" id=\"wpcf7-f7692-o1\" lang=\"fr-FR\" dir=\"ltr\" data-wpcf7-id=\"7692\">\n<div class=\"screen-reader-response\"><p role=\"status\" aria-live=\"polite\" aria-atomic=\"true\"><\/p> <ul><\/ul><\/div>\n<form action=\"\/fr\/wp-json\/wp\/v2\/pages\/7596#wpcf7-f7692-o1\" method=\"post\" class=\"wpcf7-form init\" aria-label=\"Formulaire de contact\" novalidate=\"novalidate\" data-status=\"init\">\n<fieldset class=\"hidden-fields-container\"><input type=\"hidden\" name=\"_wpcf7\" value=\"7692\" \/><input type=\"hidden\" name=\"_wpcf7_version\" value=\"6.1.5\" \/><input type=\"hidden\" name=\"_wpcf7_locale\" value=\"fr_FR\" \/><input type=\"hidden\" name=\"_wpcf7_unit_tag\" value=\"wpcf7-f7692-o1\" \/><input type=\"hidden\" name=\"_wpcf7_container_post\" value=\"0\" \/><input type=\"hidden\" name=\"_wpcf7_posted_data_hash\" value=\"\" \/>\n<\/fieldset>\n<p><label> Choisissez votre r\u00e9gion<br \/>\n<span class=\"wpcf7-form-control-wrap\" data-name=\"region\"><select class=\"wpcf7-form-control wpcf7-select\" aria-invalid=\"false\" name=\"region\"><option value=\"Europe\">Europe<\/option><option value=\"Afrique\">Afrique<\/option><option value=\"Am\u00e9rique\">Am\u00e9rique<\/option><option value=\"Asie\">Asie<\/option><option value=\"Oc\u00e9anie\">Oc\u00e9anie<\/option><\/select><\/span> <\/label>\n<\/p>\n<p><label> Nom<br \/>\n<span class=\"wpcf7-form-control-wrap\" data-name=\"your-name\"><input size=\"40\" maxlength=\"400\" class=\"wpcf7-form-control wpcf7-text wpcf7-validates-as-required\" aria-required=\"true\" aria-invalid=\"false\" value=\"\" type=\"text\" name=\"your-name\" \/><\/span> <\/label><br \/>\n<span id=\"wpcf7-69f2028ff2267-wrapper\" class=\"wpcf7-form-control-wrap Apellido-wrap\" style=\"display:none !important; visibility:hidden !important;\"><label for=\"wpcf7-69f2028ff2267-field\" class=\"hp-message\">Veuillez laisser ce champ vide.<\/label><input id=\"wpcf7-69f2028ff2267-field\"  class=\"wpcf7-form-control wpcf7-text\" type=\"text\" name=\"Apellido\" value=\"\" size=\"40\" tabindex=\"-1\" autocomplete=\"new-password\" \/><\/span><br \/>\n<label> Email<br \/>\n<span class=\"wpcf7-form-control-wrap\" data-name=\"your-email\"><input size=\"40\" maxlength=\"400\" class=\"wpcf7-form-control wpcf7-email wpcf7-validates-as-required wpcf7-text wpcf7-validates-as-email\" aria-required=\"true\" aria-invalid=\"false\" value=\"\" type=\"email\" name=\"your-email\" \/><\/span> <\/label>\n<\/p>\n<p><label> Comment pouvons-nous vous aider ?<br \/>\n<span class=\"wpcf7-form-control-wrap\" data-name=\"your-message\"><textarea cols=\"40\" rows=\"10\" maxlength=\"2000\" class=\"wpcf7-form-control wpcf7-textarea wpcf7-validates-as-required\" aria-required=\"true\" aria-invalid=\"false\" name=\"your-message\"><\/textarea><\/span> <\/label>\n<\/p>\n<p><input type=\"hidden\" name=\"_wpcf7_captcha_challenge_captcha-1\" value=\"1695743102\" \/><img decoding=\"async\" class=\"wpcf7-form-control wpcf7-captchac wpcf7-captcha-captcha-1 captcha_speho\" width=\"84\" height=\"28\" alt=\"captcha\" src=\"https:\/\/speho.com\/wp-content\/uploads\/wpcf7_captcha\/1695743102.png\" \/><label>Saisissez les 4 caract\u00e8res qui s'affichent ci-dessus.<\/label><br \/>\n<span class=\"wpcf7-form-control-wrap\" data-name=\"captcha-1\"><input size=\"40\" class=\"wpcf7-form-control wpcf7-captchar captcha_speho\" autocomplete=\"off\" aria-invalid=\"false\" value=\"\" type=\"text\" name=\"captcha-1\" \/><\/span>\n<\/p>\n<p><span class=\"wpcf7-form-control-wrap\" data-name=\"aceptacion\"><span class=\"wpcf7-form-control wpcf7-acceptance\"><span class=\"wpcf7-list-item\"><label><input type=\"checkbox\" name=\"aceptacion\" value=\"1\" aria-invalid=\"false\" \/><span class=\"wpcf7-list-item-label\">Acceptez les conditions g\u00e9n\u00e9rales<\/span><\/label><\/span><\/span><\/span>\n<\/p>\n<p class=\"texto_legal\">Conform\u00e9ment \u00e0 la l\u00e9gislation en vigueur sur la protection des donn\u00e9es, nous vous informons que EBIR ILUMINACION SL est responsable de vos donn\u00e9es personnelles et les utilisera pour r\u00e9pondre aux demandes d'information envoy\u00e9es par les utilisateurs. Les donn\u00e9es \u00e0 caract\u00e8re personnel collect\u00e9es ne seront en aucun cas transmises \u00e0 des tiers, sauf en cas d'obligations l\u00e9gales expresses. Vous pouvez exercer vos droits en mati\u00e8re de protection des donn\u00e9es \u00e0 l'adresse rgpd@ebir.com Vous pouvez obtenir des informations compl\u00e9mentaires sur la protection des donn\u00e9es dans nos mentions l\u00e9gales.\n<\/p>\n<p><input class=\"wpcf7-form-control wpcf7-submit has-spinner\" type=\"submit\" value=\"Envoyer\" \/>\n<\/p><div class=\"wpcf7-response-output\" aria-hidden=\"true\"><\/div>\n<\/form>\n<\/div>\n\n<\/div><\/div>\n\n\n<style>.kadence-column7596_9a0a3b-72 > .kt-inside-inner-col,.kadence-column7596_9a0a3b-72 > .kt-inside-inner-col:before{border-top-left-radius:0px;border-top-right-radius:0px;border-bottom-right-radius:0px;border-bottom-left-radius:0px;}.kadence-column7596_9a0a3b-72 > .kt-inside-inner-col{column-gap:var(--global-kb-gap-sm, 1rem);}.kadence-column7596_9a0a3b-72 > .kt-inside-inner-col{flex-direction:column;}.kadence-column7596_9a0a3b-72 > .kt-inside-inner-col > .aligncenter{width:100%;}.kadence-column7596_9a0a3b-72 > .kt-inside-inner-col:before{opacity:0.3;}.kadence-column7596_9a0a3b-72{position:relative;}@media all and (max-width: 1024px){.kadence-column7596_9a0a3b-72 > .kt-inside-inner-col{flex-direction:column;justify-content:center;}}@media all and (max-width: 767px){.kadence-column7596_9a0a3b-72 > .kt-inside-inner-col{flex-direction:column;justify-content:center;}}<\/style>\n<div class=\"wp-block-kadence-column kadence-column7596_9a0a3b-72 inner-column-2\"><div class=\"kt-inside-inner-col\">\n<p>EUROPE<\/p>\n\n\n\n<p>Pol\u00edgono industrial Fuente del Jarro, <br>Calle Cdad. de Barcelona, 2-6, 46980 Paterna, Valencia<\/p>\n\n\n\n<p>projects@speho.com<br>T\u00e9l\u00e9phone: +34 961 580 605<\/p>\n\n\n\t\t\t<div \n\t\t\tclass=\"wp-block-uagb-google-map uagb-google-map__wrap uagb-block-4401108c     \"\n\t\t\tstyle=\"\" >\n\t\t\t\t<embed\n\t\t\t\t\tclass=\"uagb-google-map__iframe\"\n\t\t\t\t\ttitle=\"Carte Google pour \"\n\t\t\t\t\tsrc=\"https:\/\/maps.google.com\/maps?q=speho%20Illuminated%20mirrors&#038;z=12&#038;hl=en&#038;t=m&#038;output=embed&#038;iwloc=near\"\n\t\t\t\t\twidth=\"640\"\n\t\t\t\t\theight=\"300\"\n\t\t\t\t\tloading=\"lazy\"\n\t\t\t\t><\/embed>\n\t\t\t<\/div>\n\t\t\t<\/div><\/div>\n\n<\/div><\/div>\n\n<style>.wp-block-kadence-spacer.kt-block-spacer-7596_4edc3d-75 .kt-block-spacer{height:60px;}.wp-block-kadence-spacer.kt-block-spacer-7596_4edc3d-75 .kt-divider{border-top-width:1px;height:1px;border-top-color:#eee;width:80%;border-top-style:solid;}<\/style>\n<div class=\"wp-block-kadence-spacer aligncenter kt-block-spacer-7596_4edc3d-75\"><div class=\"kt-block-spacer kt-block-spacer-halign-center\"><\/div><\/div>\n","protected":false},"excerpt":{"rendered":"<p>Nous nous ferons un plaisir de vous aider Nous offrons \u00e0 nos clients et partenaires un soutien professionnel permanent. Le personnel de SPEHO est \u00e0 votre disposition pour r\u00e9pondre \u00e0 vos questions et vous guider pas \u00e0 pas dans le processus de commande et d&rsquo;installation. EUROPE Pol\u00edgono industrial Fuente del Jarro, Calle Cdad. de Barcelona, [&hellip;]<\/p>\n","protected":false},"author":3,"featured_media":0,"parent":0,"menu_order":0,"comment_status":"closed","ping_status":"closed","template":"page-columna.php","meta":{"_uag_custom_page_level_css":"","pgc_sgb_lightbox_settings":"","footnotes":"","_links_to":"","_links_to_target":""},"class_list":["post-7596","page","type-page","status-publish","hentry"],"uagb_featured_image_src":{"full":false,"thumbnail":false,"medium":false,"medium_large":false,"large":false,"1536x1536":false,"2048x2048":false,"the_grid_size1":false,"the_grid_size2":false,"the_grid_size3":false,"the_grid_size4":false,"the_grid_size5":false},"uagb_author_info":{"display_name":"elisa madrid","author_link":"https:\/\/speho.com\/fr\/author\/elisa\/"},"uagb_comment_info":0,"uagb_excerpt":"Nous nous ferons un plaisir de vous aider Nous offrons \u00e0 nos clients et partenaires un soutien professionnel permanent. Le personnel de SPEHO est \u00e0 votre disposition pour r\u00e9pondre \u00e0 vos questions et vous guider pas \u00e0 pas dans le processus de commande et d&rsquo;installation. EUROPE Pol\u00edgono industrial Fuente del Jarro, Calle Cdad. de Barcelona,\u2026","jetpack_sharing_enabled":true,"_links":{"self":[{"href":"https:\/\/speho.com\/fr\/wp-json\/wp\/v2\/pages\/7596","targetHints":{"allow":["GET"]}}],"collection":[{"href":"https:\/\/speho.com\/fr\/wp-json\/wp\/v2\/pages"}],"about":[{"href":"https:\/\/speho.com\/fr\/wp-json\/wp\/v2\/types\/page"}],"author":[{"embeddable":true,"href":"https:\/\/speho.com\/fr\/wp-json\/wp\/v2\/users\/3"}],"replies":[{"embeddable":true,"href":"https:\/\/speho.com\/fr\/wp-json\/wp\/v2\/comments?post=7596"}],"version-history":[{"count":5,"href":"https:\/\/speho.com\/fr\/wp-json\/wp\/v2\/pages\/7596\/revisions"}],"predecessor-version":[{"id":7744,"href":"https:\/\/speho.com\/fr\/wp-json\/wp\/v2\/pages\/7596\/revisions\/7744"}],"wp:attachment":[{"href":"https:\/\/speho.com\/fr\/wp-json\/wp\/v2\/media?parent=7596"}],"curies":[{"name":"wp","href":"https:\/\/api.w.org\/{rel}","templated":true}]}}