{"id":7598,"date":"2024-06-18T16:47:22","date_gmt":"2024-06-18T15:47:22","guid":{"rendered":"https:\/\/speho.com\/?page_id=7598"},"modified":"2025-01-08T13:57:55","modified_gmt":"2025-01-08T12:57:55","slug":"projets","status":"publish","type":"page","link":"https:\/\/speho.com\/fr\/projets\/","title":{"rendered":"Projets"},"content":{"rendered":"<style>.wp-block-kadence-spacer.kt-block-spacer-7598_f15c71-3d .kt-block-spacer{height:60px;}.wp-block-kadence-spacer.kt-block-spacer-7598_f15c71-3d .kt-divider{border-top-width:1px;height:1px;border-top-color:#eee;width:80%;border-top-style:solid;}<\/style>\n<div class=\"wp-block-kadence-spacer aligncenter kt-block-spacer-7598_f15c71-3d\"><div class=\"kt-block-spacer kt-block-spacer-halign-center\"><\/div><\/div>\n\n\n<style>.kb-row-layout-wrap.wp-block-kadence-rowlayout.kb-row-layout-id7598_fc364d-3f{margin-bottom:var(--global-kb-spacing-xxl, 5rem);}.kb-row-layout-id7598_fc364d-3f > .kt-row-column-wrap{align-content:start;}:where(.kb-row-layout-id7598_fc364d-3f > .kt-row-column-wrap) > .wp-block-kadence-column{justify-content:start;}.kb-row-layout-id7598_fc364d-3f > .kt-row-column-wrap{column-gap:var(--global-kb-gap-md, 2rem);row-gap:var(--global-kb-gap-md, 2rem);padding-top:var(--global-kb-spacing-sm, 1.5rem);padding-bottom:var(--global-kb-spacing-sm, 1.5rem);}.kb-row-layout-id7598_fc364d-3f > .kt-row-column-wrap > div:not(.added-for-specificity){grid-column:initial;}.kb-row-layout-id7598_fc364d-3f > .kt-row-column-wrap{grid-template-columns:minmax(0, 1fr) minmax(0, 2fr) minmax(0, 1fr);}.kb-row-layout-id7598_fc364d-3f > .kt-row-layout-overlay{opacity:0.30;}@media all and (max-width: 1024px){.kb-row-layout-id7598_fc364d-3f > .kt-row-column-wrap > div:not(.added-for-specificity){grid-column:initial;}}@media all and (max-width: 1024px){.kb-row-layout-id7598_fc364d-3f > .kt-row-column-wrap{grid-template-columns:minmax(0, 1fr) minmax(0, 2fr) minmax(0, 1fr);}}@media all and (max-width: 767px){.kb-row-layout-id7598_fc364d-3f > .kt-row-column-wrap > div:not(.added-for-specificity){grid-column:initial;}.kb-row-layout-id7598_fc364d-3f > .kt-row-column-wrap{grid-template-columns:minmax(0, 1fr);}}<\/style><div class=\"kb-row-layout-wrap kb-row-layout-id7598_fc364d-3f alignnone wp-block-kadence-rowlayout\"><div class=\"kt-row-column-wrap kt-has-3-columns kt-row-layout-center-half kt-tab-layout-inherit kt-mobile-layout-row kt-row-valign-top\">\n<style>.kadence-column7598_252712-90 > .kt-inside-inner-col,.kadence-column7598_252712-90 > .kt-inside-inner-col:before{border-top-left-radius:0px;border-top-right-radius:0px;border-bottom-right-radius:0px;border-bottom-left-radius:0px;}.kadence-column7598_252712-90 > .kt-inside-inner-col{column-gap:var(--global-kb-gap-sm, 1rem);}.kadence-column7598_252712-90 > .kt-inside-inner-col{flex-direction:column;}.kadence-column7598_252712-90 > .kt-inside-inner-col > .aligncenter{width:100%;}.kadence-column7598_252712-90 > .kt-inside-inner-col:before{opacity:0.3;}.kadence-column7598_252712-90{position:relative;}@media all and (max-width: 1024px){.kadence-column7598_252712-90 > .kt-inside-inner-col{flex-direction:column;justify-content:center;}}@media all and (max-width: 767px){.kadence-column7598_252712-90 > .kt-inside-inner-col{flex-direction:column;justify-content:center;}}<\/style>\n<div class=\"wp-block-kadence-column kadence-column7598_252712-90\"><div class=\"kt-inside-inner-col\"><\/div><\/div>\n\n\n<style>.kadence-column7598_03ae56-7d > .kt-inside-inner-col{display:flex;}.kadence-column7598_03ae56-7d > .kt-inside-inner-col{padding-top:0px;padding-right:0px;padding-bottom:0px;padding-left:0px;}.kadence-column7598_03ae56-7d > .kt-inside-inner-col,.kadence-column7598_03ae56-7d > .kt-inside-inner-col:before{border-top-left-radius:0px;border-top-right-radius:0px;border-bottom-right-radius:0px;border-bottom-left-radius:0px;}.kadence-column7598_03ae56-7d > .kt-inside-inner-col{row-gap:var(--global-kb-gap-none, 0rem );column-gap:var(--global-kb-gap-sm, 1rem);}.kadence-column7598_03ae56-7d > .kt-inside-inner-col{flex-direction:column;align-items:center;}.kadence-column7598_03ae56-7d > .kt-inside-inner-col > .kb-image-is-ratio-size{align-self:stretch;}.kadence-column7598_03ae56-7d > .kt-inside-inner-col > .wp-block-kadence-advancedgallery{align-self:stretch;}.kadence-column7598_03ae56-7d > .kt-inside-inner-col > .aligncenter{width:100%;}.kadence-column7598_03ae56-7d > .kt-inside-inner-col{background-image:url('https:\/\/speho.com\/wp-content\/uploads\/2024\/06\/BT_porfolio-FR.png');background-size:contain;background-position:center center;background-attachment:scroll;background-repeat:no-repeat;}.kadence-column7598_03ae56-7d:hover > .kt-inside-inner-col{background-image:url('https:\/\/speho.com\/wp-content\/uploads\/2024\/06\/BT_porfolio-FR_hover.png');background-size:contain;background-position:center center;background-attachment:scroll;background-repeat:no-repeat;}.kadence-column7598_03ae56-7d > .kt-inside-inner-col:before{opacity:0.3;}.kadence-column7598_03ae56-7d{position:relative;}@media all and (max-width: 1024px){.kadence-column7598_03ae56-7d > .kt-inside-inner-col{flex-direction:column;justify-content:center;align-items:center;}}@media all and (max-width: 767px){.kadence-column7598_03ae56-7d > .kt-inside-inner-col{flex-direction:column;justify-content:center;align-items:center;}}<\/style>\n<div class=\"wp-block-kadence-column kadence-column7598_03ae56-7d\"><div class=\"kt-inside-inner-col\">\n<figure class=\"wp-block-image size-full is-resized\"><a href=\"https:\/\/speho.com\/downloads\/SPEHO-projects-ENG.pdf\" target=\"_blank\" rel=\"noreferrer noopener\"><img fetchpriority=\"high\" decoding=\"async\" width=\"836\" height=\"286\" src=\"https:\/\/speho.com\/wp-content\/uploads\/2024\/05\/portfolio_transp.png\" alt=\"\" class=\"wp-image-7462\" style=\"width:391px;height:auto\" srcset=\"https:\/\/speho.com\/wp-content\/uploads\/2024\/05\/portfolio_transp.png 836w, https:\/\/speho.com\/wp-content\/uploads\/2024\/05\/portfolio_transp-300x103.png 300w, https:\/\/speho.com\/wp-content\/uploads\/2024\/05\/portfolio_transp-768x263.png 768w, https:\/\/speho.com\/wp-content\/uploads\/2024\/05\/portfolio_transp-500x171.png 500w\" sizes=\"(max-width: 836px) 100vw, 836px\" \/><\/a><\/figure>\n<\/div><\/div>\n\n\n<style>.kadence-column7598_102920-28 > .kt-inside-inner-col,.kadence-column7598_102920-28 > .kt-inside-inner-col:before{border-top-left-radius:0px;border-top-right-radius:0px;border-bottom-right-radius:0px;border-bottom-left-radius:0px;}.kadence-column7598_102920-28 > .kt-inside-inner-col{column-gap:var(--global-kb-gap-sm, 1rem);}.kadence-column7598_102920-28 > .kt-inside-inner-col{flex-direction:column;}.kadence-column7598_102920-28 > .kt-inside-inner-col > .aligncenter{width:100%;}.kadence-column7598_102920-28 > .kt-inside-inner-col:before{opacity:0.3;}.kadence-column7598_102920-28{position:relative;}@media all and (max-width: 1024px){.kadence-column7598_102920-28 > .kt-inside-inner-col{flex-direction:column;justify-content:center;}}@media all and (max-width: 767px){.kadence-column7598_102920-28 > .kt-inside-inner-col{flex-direction:column;justify-content:center;}}<\/style>\n<div class=\"wp-block-kadence-column kadence-column7598_102920-28\"><div class=\"kt-inside-inner-col\"><\/div><\/div>\n\n<\/div><\/div>\n\n\n<h2 class=\"wp-block-heading has-text-align-center has-large-font-size\">Plus de 35&nbsp;000&nbsp;chambres d&rsquo;h\u00f4tel \u00e9clair\u00e9es.<\/h2>\n\n\n<style>.kb-row-layout-id7598_78f2c4-e1 > .kt-row-column-wrap{align-content:start;}:where(.kb-row-layout-id7598_78f2c4-e1 > .kt-row-column-wrap) > .wp-block-kadence-column{justify-content:start;}.kb-row-layout-id7598_78f2c4-e1 > .kt-row-column-wrap{column-gap:var(--global-kb-gap-md, 2rem);row-gap:var(--global-kb-gap-md, 2rem);padding-top:var(--global-kb-spacing-sm, 1.5rem);padding-bottom:var(--global-kb-spacing-sm, 1.5rem);grid-template-columns:minmax(0, 1fr);}.kb-row-layout-id7598_78f2c4-e1 > .kt-row-layout-overlay{opacity:0.30;}@media all and (max-width: 1024px){.kb-row-layout-id7598_78f2c4-e1 > .kt-row-column-wrap{grid-template-columns:minmax(0, 1fr);}}@media all and (max-width: 767px){.kb-row-layout-id7598_78f2c4-e1 > .kt-row-column-wrap{grid-template-columns:minmax(0, 1fr);}}<\/style><div class=\"kb-row-layout-wrap kb-row-layout-id7598_78f2c4-e1 alignnone wp-block-kadence-rowlayout\"><div class=\"kt-row-column-wrap kt-has-1-columns kt-row-layout-equal kt-tab-layout-inherit kt-mobile-layout-row kt-row-valign-top\">\n<style>.kadence-column7598_8ba2ce-f3 > .kt-inside-inner-col,.kadence-column7598_8ba2ce-f3 > .kt-inside-inner-col:before{border-top-left-radius:0px;border-top-right-radius:0px;border-bottom-right-radius:0px;border-bottom-left-radius:0px;}.kadence-column7598_8ba2ce-f3 > .kt-inside-inner-col{column-gap:var(--global-kb-gap-sm, 1rem);}.kadence-column7598_8ba2ce-f3 > .kt-inside-inner-col{flex-direction:column;}.kadence-column7598_8ba2ce-f3 > .kt-inside-inner-col > .aligncenter{width:100%;}.kadence-column7598_8ba2ce-f3 > .kt-inside-inner-col:before{opacity:0.3;}.kadence-column7598_8ba2ce-f3{text-align:center;}.kadence-column7598_8ba2ce-f3{position:relative;}@media all and (max-width: 1024px){.kadence-column7598_8ba2ce-f3 > .kt-inside-inner-col{flex-direction:column;justify-content:center;}}@media all and (max-width: 767px){.kadence-column7598_8ba2ce-f3 > .kt-inside-inner-col{flex-direction:column;justify-content:center;}}<\/style>\n<div class=\"wp-block-kadence-column kadence-column7598_8ba2ce-f3\"><div class=\"kt-inside-inner-col\">\n<figure class=\"wp-block-image size-large is-resized\"><img decoding=\"async\" width=\"642\" height=\"1024\" src=\"https:\/\/speho.com\/wp-content\/uploads\/2024\/05\/logos-proyectos-80-1-642x1024.jpg\" alt=\"\" class=\"wp-image-7219\" style=\"width:837px;height:auto\" srcset=\"https:\/\/speho.com\/wp-content\/uploads\/2024\/05\/logos-proyectos-80-1-642x1024.jpg 642w, https:\/\/speho.com\/wp-content\/uploads\/2024\/05\/logos-proyectos-80-1-188x300.jpg 188w, https:\/\/speho.com\/wp-content\/uploads\/2024\/05\/logos-proyectos-80-1-768x1225.jpg 768w, https:\/\/speho.com\/wp-content\/uploads\/2024\/05\/logos-proyectos-80-1-963x1536.jpg 963w, https:\/\/speho.com\/wp-content\/uploads\/2024\/05\/logos-proyectos-80-1-1284x2048.jpg 1284w, https:\/\/speho.com\/wp-content\/uploads\/2024\/05\/logos-proyectos-80-1-500x797.jpg 500w, https:\/\/speho.com\/wp-content\/uploads\/2024\/05\/logos-proyectos-80-1.jpg 1435w\" sizes=\"(max-width: 642px) 100vw, 642px\" \/><\/figure>\n<\/div><\/div>\n\n<\/div><\/div>","protected":false},"excerpt":{"rendered":"<p>Plus de 35&nbsp;000&nbsp;chambres d&rsquo;h\u00f4tel \u00e9clair\u00e9es.<\/p>\n","protected":false},"author":3,"featured_media":0,"parent":0,"menu_order":0,"comment_status":"closed","ping_status":"closed","template":"page-comun.php","meta":{"_uag_custom_page_level_css":"","pgc_sgb_lightbox_settings":"","footnotes":"","_links_to":"","_links_to_target":""},"class_list":["post-7598","page","type-page","status-publish","hentry"],"uagb_featured_image_src":{"full":false,"thumbnail":false,"medium":false,"medium_large":false,"large":false,"1536x1536":false,"2048x2048":false,"the_grid_size1":false,"the_grid_size2":false,"the_grid_size3":false,"the_grid_size4":false,"the_grid_size5":false},"uagb_author_info":{"display_name":"elisa madrid","author_link":"https:\/\/speho.com\/fr\/author\/elisa\/"},"uagb_comment_info":0,"uagb_excerpt":"Plus de 35&nbsp;000&nbsp;chambres d&rsquo;h\u00f4tel \u00e9clair\u00e9es.","jetpack_sharing_enabled":true,"_links":{"self":[{"href":"https:\/\/speho.com\/fr\/wp-json\/wp\/v2\/pages\/7598","targetHints":{"allow":["GET"]}}],"collection":[{"href":"https:\/\/speho.com\/fr\/wp-json\/wp\/v2\/pages"}],"about":[{"href":"https:\/\/speho.com\/fr\/wp-json\/wp\/v2\/types\/page"}],"author":[{"embeddable":true,"href":"https:\/\/speho.com\/fr\/wp-json\/wp\/v2\/users\/3"}],"replies":[{"embeddable":true,"href":"https:\/\/speho.com\/fr\/wp-json\/wp\/v2\/comments?post=7598"}],"version-history":[{"count":5,"href":"https:\/\/speho.com\/fr\/wp-json\/wp\/v2\/pages\/7598\/revisions"}],"predecessor-version":[{"id":7982,"href":"https:\/\/speho.com\/fr\/wp-json\/wp\/v2\/pages\/7598\/revisions\/7982"}],"wp:attachment":[{"href":"https:\/\/speho.com\/fr\/wp-json\/wp\/v2\/media?parent=7598"}],"curies":[{"name":"wp","href":"https:\/\/api.w.org\/{rel}","templated":true}]}}