{"id":7753,"date":"2020-08-04T12:47:19","date_gmt":"2020-08-04T11:47:19","guid":{"rendered":"https:\/\/speho.com\/politica-de-cookies\/"},"modified":"2024-12-14T20:15:33","modified_gmt":"2024-12-14T19:15:33","slug":"politica-de-cookies","status":"publish","type":"page","link":"https:\/\/speho.com\/fr\/politica-de-cookies\/","title":{"rendered":"Politique de cookies"},"content":{"rendered":"<style>.wp-block-kadence-spacer.kt-block-spacer-7753_34217c-1a .kt-block-spacer{height:60px;}.wp-block-kadence-spacer.kt-block-spacer-7753_34217c-1a .kt-divider{border-top-width:1px;height:1px;border-top-color:#eee;width:80%;border-top-style:solid;}<\/style>\n<div class=\"wp-block-kadence-spacer aligncenter kt-block-spacer-7753_34217c-1a\"><div class=\"kt-block-spacer kt-block-spacer-halign-center\"><hr class=\"kt-divider\"\/><\/div><\/div>\n\n\n<style>.wp-block-kadence-spacer.kt-block-spacer-7753_abf3d0-13 .kt-block-spacer{height:60px;}.wp-block-kadence-spacer.kt-block-spacer-7753_abf3d0-13 .kt-divider{border-top-width:1px;height:1px;border-top-color:#eee;width:80%;border-top-style:solid;}<\/style>\n<div class=\"wp-block-kadence-spacer aligncenter kt-block-spacer-7753_abf3d0-13\"><div class=\"kt-block-spacer kt-block-spacer-halign-center\"><hr class=\"kt-divider\"\/><\/div><\/div>\n\n\n<style>.wp-block-kadence-spacer.kt-block-spacer-7753_37b792-6f .kt-block-spacer{height:60px;}.wp-block-kadence-spacer.kt-block-spacer-7753_37b792-6f .kt-divider{border-top-width:1px;height:1px;border-top-color:#eee;width:80%;border-top-style:solid;}<\/style>\n<div class=\"wp-block-kadence-spacer aligncenter kt-block-spacer-7753_37b792-6f\"><div class=\"kt-block-spacer kt-block-spacer-halign-center\"><hr class=\"kt-divider\"\/><\/div><\/div>\n\n\n\n<h1 class=\"wp-block-heading\">POLITIQUE DE COOKIES DE https:\/\/speho.com<\/h1>\n\n\n\n<p>Fecha de \u00faltima actualizaci\u00f3n: 15\/05\/2018<\/p>\n\n\n\n<h3 class=\"wp-block-heading\"><strong>QUE SONT LES COOKIES ?<\/strong><\/h3>\n\n\n\n<p>Les cookies sont de petits fichiers qui sont install\u00e9s sur le disque dur ou dans le navigateur de l&rsquo;ordinateur, de la tablette, du smartphone ou d&rsquo;un appareil \u00e9quivalent dot\u00e9 de fonctions de navigation Internet et qui aident, entre autres : \u00e0 personnaliser les services du propri\u00e9taire du site Web, \u00e0 faciliter la navigation et la convivialit\u00e9 de celui-ci, obtenir des informations globales sur les visiteurs du site Web, permettre la reproduction et l&rsquo;affichage de contenus multim\u00e9dias sur le site Web lui-m\u00eame, permettre des \u00e9l\u00e9ments d&rsquo;interaction entre l&rsquo;utilisateur et le site Web lui-m\u00eame, activer des outils de s\u00e9curit\u00e9, etc.<\/p>\n\n\n\n<h3 class=\"wp-block-heading\"><strong>D\u00c9FINITIONS UTILIS\u00c9ES DANS CETTE POLITIQUE DE COOKIES<\/strong><\/h3>\n\n\n\n<ul class=\"wp-block-list\">\n<li>Convivialit\u00e9 du Web\u00a0: peut \u00eatre d\u00e9finie comme l&rsquo;exp\u00e9rience qu&rsquo;un utilisateur vit lorsqu&rsquo;il navigue, utilise et interagit avec une page Web.<\/li>\n\n\n\n<li>Informations agr\u00e9g\u00e9es\u00a0: informations non nominatives, g\u00e9n\u00e9ralement num\u00e9riques et destin\u00e9es \u00e0 fournir des informations statistiques.<\/li>\n\n\n\n<li>\u00c9quipement terminal : \u00e9quipement (ordinateur, smartphone, tablette, etc.) de l&rsquo;utilisateur qui navigue sur Internet<\/li>\n\n\n\n<li>Editeur : responsable ou propri\u00e9taire du site internet<\/li>\n\n\n\n<li>Tiers : entit\u00e9 externe, collaborateur, prestataire ou li\u00e9 \u00e0 l&rsquo;\u00e9diteur, intervenant dans la gestion de certains cookies<\/li>\n\n\n\n<li>Responsable du cookie : l&rsquo;\u00e9diteur, le responsable du traitement, le propri\u00e9taire du site ou encore le tiers dans certains cas<\/li>\n\n\n\n<li>Habitudes de navigation : tendances que l&rsquo;utilisateur affiche lors de la navigation sur une page Web, telles que le temps pass\u00e9 \u00e0 visiter la page, les parties visit\u00e9es, les sections les plus fr\u00e9quentes, l&rsquo;origine de la visite, la destination de la visite, entre autres.<\/li>\n<\/ul>\n\n\n\n<h3 class=\"wp-block-heading\"><strong>QUELS TYPES DE COOKIES EXISTE-T-IL ?<\/strong><\/h3>\n\n\n\n<p>Selon l&rsquo;entit\u00e9 qui le g\u00e8re :<\/p>\n\n\n\n<p>Cookies propres : sont ceux qui sont envoy\u00e9s \u00e0 l&rsquo;\u00e9quipement terminal de l&rsquo;utilisateur \u00e0 partir d&rsquo;un ordinateur ou d&rsquo;un domaine g\u00e9r\u00e9 par l&rsquo;\u00e9diteur lui-m\u00eame et \u00e0 partir duquel est fourni le service demand\u00e9 par l&rsquo;utilisateur.<\/p>\n\n\n\n<p>Cookies tiers : sont ceux qui sont envoy\u00e9s \u00e0 l&rsquo;\u00e9quipement terminal de l&rsquo;utilisateur \u00e0 partir d&rsquo;un ordinateur ou d&rsquo;un domaine qui n&rsquo;est pas g\u00e9r\u00e9 par l&rsquo;\u00e9diteur, mais par une autre entit\u00e9 qui traite les donn\u00e9es obtenues gr\u00e2ce aux cookies.<\/p>\n\n\n\n<p>En fonction de la dur\u00e9e pendant laquelle ils restent activ\u00e9s sur l&rsquo;\u00e9quipement terminal :<\/p>\n\n\n\n<p>Cookies de session&nbsp;: sont un type de cookies con\u00e7us pour collecter et stocker des donn\u00e9es lorsque l&rsquo;utilisateur acc\u00e8de \u00e0 une page Web.<\/p>\n\n\n\n<p>Cookies persistants : sont un type de cookie dans lequel les donn\u00e9es continuent \u00e0 \u00eatre stock\u00e9es dans le terminal et peuvent \u00eatre consult\u00e9es et trait\u00e9es pendant une dur\u00e9e d\u00e9finie par le responsable du cookie, qui peut aller de quelques minutes \u00e0 plusieurs ann\u00e9es.<\/p>\n\n\n\n<p>En fonction de la finalit\u00e9 pour laquelle les donn\u00e9es obtenues via les cookies sont trait\u00e9es :<\/p>\n\n\n\n<p>Cookies techniques : sont ceux qui permettent \u00e0 l&rsquo;utilisateur de naviguer sur une page Web, une plateforme ou une application et d&rsquo;utiliser les diff\u00e9rentes options ou services qui y existent, comme, par exemple, le contr\u00f4le du trafic et de la communication de donn\u00e9es, l&rsquo;identification de la session, l&rsquo;acc\u00e8s aux parties \u00e0 acc\u00e8s restreint. , m\u00e9moriser les \u00e9l\u00e9ments qui composent une commande, effectuer le processus d&rsquo;achat d&rsquo;une commande, faire une demande d&rsquo;inscription ou de participation \u00e0 un \u00e9v\u00e9nement, utiliser des \u00e9l\u00e9ments de s\u00e9curit\u00e9 lors de la navigation, stocker du contenu pour la diffusion de vid\u00e9os ou de sons ou partager du contenu sur des r\u00e9seaux sociale.<\/p>\n\n\n\n<p>Cookies de personnalisation : ce sont ceux qui permettent \u00e0 l&rsquo;utilisateur d&rsquo;acc\u00e9der au service avec certaines caract\u00e9ristiques g\u00e9n\u00e9rales pr\u00e9d\u00e9finies en fonction d&rsquo;une s\u00e9rie de crit\u00e8res sur le terminal de l&rsquo;utilisateur, tels que la langue, le type de navigateur \u00e0 travers lequel on acc\u00e8de au service, la langue \u00e0 partir de laquelle on acc\u00e8de au service. o\u00f9 vous acc\u00e9dez au service, etc.<\/p>\n\n\n\n<p>Cookies d&rsquo;analyse : ce sont ceux qui permettent \u00e0 leur responsable de suivre et d&rsquo;analyser le comportement des utilisateurs des sites Internet auxquels ils sont li\u00e9s. Les informations collect\u00e9es via ce type de cookies sont utilis\u00e9es pour mesurer l&rsquo;activit\u00e9 des sites Internet, applications ou plateformes et pour \u00e9laborer des profils de navigation des utilisateurs de ces sites, applications et plateformes, afin d&rsquo;introduire des am\u00e9liorations bas\u00e9es sur l&rsquo;analyse des donn\u00e9es d&rsquo;utilisation. effectu\u00e9s par les utilisateurs du service.<\/p>\n\n\n\n<p>Cookies publicitaires : sont ceux qui permettent la gestion, de la mani\u00e8re la plus efficace possible, des espaces publicitaires que, le cas \u00e9ch\u00e9ant, l&rsquo;\u00e9diteur a inclus dans une page Web, une application ou une plateforme \u00e0 partir de laquelle le service demand\u00e9 est fourni sur la base de crit\u00e8res tels. en tant que contenu modifi\u00e9 ou la fr\u00e9quence \u00e0 laquelle les publicit\u00e9s sont affich\u00e9es.<\/p>\n\n\n\n<p>Cookies de publicit\u00e9 comportementale&nbsp;: ce sont ceux qui permettent de g\u00e9rer, de la mani\u00e8re la plus efficace possible, les espaces publicitaires que, le cas \u00e9ch\u00e9ant, l&rsquo;\u00e9diteur a inclus dans une page Web, une application ou une plateforme \u00e0 partir de laquelle le service demand\u00e9 est fourni. Ces cookies stockent des informations sur le comportement des utilisateurs obtenues gr\u00e2ce \u00e0 l&rsquo;observation continue de leurs habitudes de navigation, ce qui permet de d\u00e9velopper un profil sp\u00e9cifique pour afficher des publicit\u00e9s bas\u00e9es sur celui-ci.<\/p>\n\n\n\n<p><strong>EN CONCRETO, \u00bfQU\u00c9 COOKIES UTILIZAMOS<\/strong><strong>?<\/strong><\/p>\n\n\n\n<figure class=\"wp-block-table\"><table><tbody><tr><td><strong>Nombre de la cookie<\/strong><\/td><td><strong>Servidor\/Dominio desde el que se env\u00eda<\/strong><\/td><td><strong>Finalidad<\/strong><\/td><td><strong>Permanencia<\/strong><\/td><\/tr><tr><td>uvc<\/td><td>De tiers<br>(<a href=\"http:\/\/www.addthis.com\/privacy\/opt-out\">addtoany.com<\/a>)<\/td><td>Fournit des boutons pour partager des informations ou des articles sur les r\u00e9seaux sociaux tels que Twitter, Facebook, Blogger, Tuenti, Google et autres<\/td><td>C&rsquo;est un cookie d&rsquo;une permanence de 1 jour<\/td><\/tr><tr><td>__cfduid<\/td><td>De tiers cloudFlare<\/td><td>Le cookie \u00ab __cfduid \u00bb est d\u00e9fini par le service CloudFlare pour identifier le trafic Web fiable. Il ne correspond \u00e0 aucun identifiant d\u2019utilisateur dans l\u2019application Web et ne stocke aucune donn\u00e9e personnelle identifiable.<br>https:\/\/support.cloudflare.com\/hc\/en-us\/articles\/200170156-What-does-the-CloudFlare-cfduid-cookie-do-<\/td><td>C&rsquo;est un cookie d&rsquo;une permanence de 1 jour<\/td><\/tr><tr><td>_ga<\/td><td>De tiers (<a href=\"http:\/\/google.com\/\" target=\"_blank\" rel=\"noreferrer noopener\">google.com<\/a>)<\/td><td>Cookie d\u00e9fini par Analytics.js\u00a0; Biblioth\u00e8que JavaScript appartenant \u00e0 Google. La biblioth\u00e8que Analytics.js fait partie de Google Universal Analytics et utilise ce cookie propri\u00e9taire qui contient un identifiant anonyme utilis\u00e9 pour distinguer les utilisateurs.<\/td><td>2 ans ou mise \u00e0 jour<\/td><\/tr><tr><td>_gid<\/td><td>De tiers (<a href=\"http:\/\/google.com\/\" target=\"_blank\" rel=\"noreferrer noopener\">google.com<\/a>)<\/td><td>Il est utilis\u00e9 pour distinguer les utilisateurs.<\/td><td>24 heures<\/td><\/tr><tr><td>_gat<\/td><td>De tiers (<a href=\"http:\/\/google.com\/\" target=\"_blank\" rel=\"noreferrer noopener\">google.com<\/a>)<\/td><td>Utilis\u00e9 pour limiter le pourcentage de demandes. Si vous avez impl\u00e9ment\u00e9 Google Analytics \u00e0 l&rsquo;aide de Google Tag Manager, ce cookie sera appel\u00e9 <em>dc_gtm<\/em>.<\/td><td>1 minute<\/td><\/tr><tr><td>cookie_notice_accepted<\/td><td>Propre<\/td><td>Indique si l&rsquo;utilisateur a accept\u00e9 les cookies.<\/td><td>C&rsquo;est un cookie d&rsquo;une dur\u00e9e de 6 mois<\/td><\/tr><\/tbody><\/table><\/figure>\n\n\n<style>.wp-block-kadence-advancedheading.kt-adv-heading7753_b954be-c4, .wp-block-kadence-advancedheading.kt-adv-heading7753_b954be-c4[data-kb-block=\"kb-adv-heading7753_b954be-c4\"]{font-style:normal;}.wp-block-kadence-advancedheading.kt-adv-heading7753_b954be-c4 mark.kt-highlight, .wp-block-kadence-advancedheading.kt-adv-heading7753_b954be-c4[data-kb-block=\"kb-adv-heading7753_b954be-c4\"] mark.kt-highlight{font-style:normal;color:#f76a0c;-webkit-box-decoration-break:clone;box-decoration-break:clone;padding-top:0px;padding-right:0px;padding-bottom:0px;padding-left:0px;}.wp-block-kadence-advancedheading.kt-adv-heading7753_b954be-c4 img.kb-inline-image, .wp-block-kadence-advancedheading.kt-adv-heading7753_b954be-c4[data-kb-block=\"kb-adv-heading7753_b954be-c4\"] img.kb-inline-image{width:150px;vertical-align:baseline;}<\/style>\n<h3 class=\"kt-adv-heading7753_b954be-c4 wp-block-kadence-advancedheading\" data-kb-block=\"kb-adv-heading7753_b954be-c4\"><strong>COMMENT D\u00c9SACTIVER LES COOKIES ?<\/strong><\/h3>\n\n\n\n<p>Le blocage ou la d\u00e9sactivation de tous les cookies contribue \u00e0 prot\u00e9ger la confidentialit\u00e9, mais cela peut \u00e9galement limiter l&rsquo;exp\u00e9rience sur certains sites Web, ainsi que limiter les fonctionnalit\u00e9s ou m\u00eame ne pas permettre une navigation ou une utilisation correcte de certains de leurs services. Si vous souhaitez savoir comment d\u00e9sactiver les cookies dans les navigateurs Web les plus populaires, acc\u00e9dez aux tutoriels suivants :<\/p>\n\n\n\n<ul class=\"wp-block-list\">\n<li><a href=\"http:\/\/support.google.com\/chrome\/answer\/95647?hl=es\">Google Chrome<\/a><\/li>\n\n\n\n<li><a href=\"http:\/\/support.mozilla.org\/es\/kb\/habilitar-y-deshabilitar-cookies-que-los-sitios-we\">Mozilla Firefox<\/a><\/li>\n\n\n\n<li><a href=\"http:\/\/windows.microsoft.com\/es-es\/windows-vista\/block-or-allow-cookies\">Internet Explorer<\/a><\/li>\n\n\n\n<li><a href=\"http:\/\/support.apple.com\/es-es\/HT1677\">Safari<\/a><\/li>\n\n\n\n<li><a href=\"http:\/\/support.google.com\/chrome\/answer\/2392971?hl=es\">Chrome para Android<\/a><\/li>\n<\/ul>\n\n\n\n<p>Si vous avez des questions ou des pr\u00e9occupations concernant cette politique en mati\u00e8re de cookies, vous pouvez nous contacter \u00e0\u00a0<a href=\"mailto:rgpd@ebir.com\">rgpd@ebir.com<\/a>.<\/p>\n\n\n\n<p><\/p>\n\n\n\n<p><\/p>\n","protected":false},"excerpt":{"rendered":"<p>POLITIQUE DE COOKIES DE https:\/\/speho.com Fecha de \u00faltima actualizaci\u00f3n: 15\/05\/2018 QUE SONT LES COOKIES ? Les cookies sont de petits fichiers qui sont install\u00e9s sur le disque dur ou dans le navigateur de l&rsquo;ordinateur, de la tablette, du smartphone ou d&rsquo;un appareil \u00e9quivalent dot\u00e9 de fonctions de navigation Internet et qui aident, entre autres : [&hellip;]<\/p>\n","protected":false},"author":3,"featured_media":0,"parent":0,"menu_order":0,"comment_status":"closed","ping_status":"closed","template":"blank-page-with-container.php","meta":{"_uag_custom_page_level_css":"","pgc_sgb_lightbox_settings":"","footnotes":"","_links_to":"","_links_to_target":""},"class_list":["post-7753","page","type-page","status-publish","hentry"],"uagb_featured_image_src":{"full":false,"thumbnail":false,"medium":false,"medium_large":false,"large":false,"1536x1536":false,"2048x2048":false,"the_grid_size1":false,"the_grid_size2":false,"the_grid_size3":false,"the_grid_size4":false,"the_grid_size5":false},"uagb_author_info":{"display_name":"elisa madrid","author_link":"https:\/\/speho.com\/fr\/author\/elisa\/"},"uagb_comment_info":0,"uagb_excerpt":"POLITIQUE DE COOKIES DE https:\/\/speho.com Fecha de \u00faltima actualizaci\u00f3n: 15\/05\/2018 QUE SONT LES COOKIES ? Les cookies sont de petits fichiers qui sont install\u00e9s sur le disque dur ou dans le navigateur de l&rsquo;ordinateur, de la tablette, du smartphone ou d&rsquo;un appareil \u00e9quivalent dot\u00e9 de fonctions de navigation Internet et qui aident, entre autres :\u2026","jetpack_sharing_enabled":true,"_links":{"self":[{"href":"https:\/\/speho.com\/fr\/wp-json\/wp\/v2\/pages\/7753","targetHints":{"allow":["GET"]}}],"collection":[{"href":"https:\/\/speho.com\/fr\/wp-json\/wp\/v2\/pages"}],"about":[{"href":"https:\/\/speho.com\/fr\/wp-json\/wp\/v2\/types\/page"}],"author":[{"embeddable":true,"href":"https:\/\/speho.com\/fr\/wp-json\/wp\/v2\/users\/3"}],"replies":[{"embeddable":true,"href":"https:\/\/speho.com\/fr\/wp-json\/wp\/v2\/comments?post=7753"}],"version-history":[{"count":3,"href":"https:\/\/speho.com\/fr\/wp-json\/wp\/v2\/pages\/7753\/revisions"}],"predecessor-version":[{"id":7971,"href":"https:\/\/speho.com\/fr\/wp-json\/wp\/v2\/pages\/7753\/revisions\/7971"}],"wp:attachment":[{"href":"https:\/\/speho.com\/fr\/wp-json\/wp\/v2\/media?parent=7753"}],"curies":[{"name":"wp","href":"https:\/\/api.w.org\/{rel}","templated":true}]}}