{"id":7757,"date":"2020-08-04T15:38:09","date_gmt":"2020-08-04T14:38:09","guid":{"rendered":"https:\/\/speho.com\/condiciones-de-venta\/"},"modified":"2024-06-21T12:40:46","modified_gmt":"2024-06-21T11:40:46","slug":"condiciones-de-venta","status":"publish","type":"page","link":"https:\/\/speho.com\/fr\/condiciones-de-venta\/","title":{"rendered":"Conditions de vente"},"content":{"rendered":"<style>.wp-block-kadence-spacer.kt-block-spacer-7757_043f2d-6b .kt-block-spacer{height:60px;}.wp-block-kadence-spacer.kt-block-spacer-7757_043f2d-6b .kt-divider{border-top-width:1px;height:1px;border-top-color:#eee;width:80%;border-top-style:solid;}<\/style>\n<div class=\"wp-block-kadence-spacer aligncenter kt-block-spacer-7757_043f2d-6b\"><div class=\"kt-block-spacer kt-block-spacer-halign-center\"><hr class=\"kt-divider\"\/><\/div><\/div>\n\n\n<style>.wp-block-kadence-spacer.kt-block-spacer-7757_cce78d-eb .kt-block-spacer{height:60px;}.wp-block-kadence-spacer.kt-block-spacer-7757_cce78d-eb .kt-divider{border-top-width:1px;height:1px;border-top-color:#eee;width:80%;border-top-style:solid;}<\/style>\n<div class=\"wp-block-kadence-spacer aligncenter kt-block-spacer-7757_cce78d-eb\"><div class=\"kt-block-spacer kt-block-spacer-halign-center\"><hr class=\"kt-divider\"\/><\/div><\/div>\n\n\n<style>.wp-block-kadence-spacer.kt-block-spacer-7757_bc3477-32 .kt-block-spacer{height:60px;}.wp-block-kadence-spacer.kt-block-spacer-7757_bc3477-32 .kt-divider{border-top-width:1px;height:1px;border-top-color:#eee;width:80%;border-top-style:solid;}<\/style>\n<div class=\"wp-block-kadence-spacer aligncenter kt-block-spacer-7757_bc3477-32\"><div class=\"kt-block-spacer kt-block-spacer-halign-center\"><hr class=\"kt-divider\"\/><\/div><\/div>\n\n\n\n<h2 class=\"wp-block-heading\">Propri\u00e9taire et conditions g\u00e9n\u00e9rales du contrat<\/h2>\n\n\n\n<p>Les pr\u00e9sentes Conditions G\u00e9n\u00e9rales de Vente \u2013 ci-apr\u00e8s CGC -, r\u00e9gissent les conditions d&rsquo;achat des diff\u00e9rents produits propos\u00e9s sur notre site Internet : www.Speho.com, propri\u00e9t\u00e9 de EBIR ILUMINACI\u00d3N SL, (ci-apr\u00e8s, EBIR) avec CIF : B96356886 et adresse fiscale et sociale :<\/p>\n\n\n\n<p>RUE VILLE DE BARCELONE, S\/N Portes 2 et 6 PL. INDUSTRIELLE FUENTE DEL JARRO 2 PHASE 46980 PATERNA \u2013 (VALENCE)<\/p>\n\n\n\n<p>Donn\u00e9es d&rsquo;inscription : Inscrite au Registre du Commerce de Valence, volume 5064 G\u00e9n\u00e9ral 2372, Section G\u00e9n\u00e9rale Livre des Entreprises, Folio 19, Feuille V38468,<\/p>\n\n\n\n<p>Les utilisateurs qui effectuent des achats sur www.speho.com acceptent pleinement les pr\u00e9sentes CGV et seront li\u00e9s par celles-ci, comme si elles avaient \u00e9t\u00e9 r\u00e9dig\u00e9es au moment du contrat\/achat.<\/p>\n\n\n\n<p>EBIR se r\u00e9serve le droit de modifier les CGV \u00e0 tout moment et sans pr\u00e9avis. Les CGV seront toujours accessibles depuis le site Internet, afin que l&rsquo;utilisateur puisse les consulter ou les imprimer \u00e0 tout moment.<\/p>\n\n\n\n<p>Les prix et conditions de vente sont donn\u00e9s \u00e0 titre indicatif et peuvent \u00eatre modifi\u00e9s en fonction des fluctuations du march\u00e9. Toutefois, passer commande en remplissant le formulaire d&rsquo;achat implique le respect du prix propos\u00e9 et des conditions g\u00e9n\u00e9rales de vente en vigueur \u00e0 ce moment pr\u00e9cis. Une fois la commande formalis\u00e9e, l&rsquo;achat sera r\u00e9put\u00e9 avoir \u00e9t\u00e9 r\u00e9alis\u00e9 dans son int\u00e9gralit\u00e9, avec toutes les garanties l\u00e9gales qui prot\u00e8gent le consommateur acheteur et, \u00e0 partir de ce moment, les prix et conditions auront un caract\u00e8re contractuel et ne pourront \u00eatre modifi\u00e9s sans le consentement de l&rsquo;acheteur. accord expr\u00e8s des deux parties contractantes. L&rsquo;espagnol sera la langue utilis\u00e9e pour formaliser le contrat. Le document \u00e9lectronique dans lequel le contrat est formalis\u00e9 sera archiv\u00e9 et l&rsquo;utilisateur y aura acc\u00e8s dans son espace client.<br>Conditions r\u00e9vis\u00e9es au 5 juin 2020<\/p>\n\n\n\n<h2 class=\"wp-block-heading\">Exp\u00e9dition<\/h2>\n\n\n\n<ul class=\"wp-block-list\">\n<li>Les d\u00e9lais de livraison pour le d\u00e9part du mat\u00e9riel seront au maximum de 3 jours ouvr\u00e9s, auxquels s&rsquo;ajouteront les 48-72 heures de d\u00e9lai de prestation de l&rsquo;agence de transport. Nous ne pouvons garantir ces d\u00e9lais de livraison, m\u00eame si nous essayons de faire en sorte que les entreprises de transport les respectent dans la mesure du possible.<\/li>\n\n\n\n<li>Les d\u00e9lais de livraison d\u00e9pendront de la disponibilit\u00e9 de chaque produit, qui est indiqu\u00e9e sur chacun des produits propos\u00e9s. Pour les commandes comprenant plusieurs articles, une seule exp\u00e9dition sera effectu\u00e9e et le d\u00e9lai de livraison correspondra \u00e0 l&rsquo;article dont le d\u00e9lai de livraison est le plus long. Le client disposera d&rsquo;un d\u00e9lai de 72 heures pour v\u00e9rifier l&rsquo;int\u00e9grit\u00e9 de tous les composants de la commande et v\u00e9rifier que tout ce qu&rsquo;ils doivent \u00eatre inclus dans les produits inclus. Pass\u00e9 ces 72 heures, l&rsquo;envoi sera consid\u00e9r\u00e9 comme accept\u00e9 et les r\u00e9clamations pour dommages ou d\u00e9faillances de l&rsquo;envoi ne seront pas accept\u00e9es.<\/li>\n\n\n\n<li>Une commande sera consid\u00e9r\u00e9e comme livr\u00e9e lorsque le r\u00e9c\u00e9piss\u00e9 de livraison sera sign\u00e9 par le client. C&rsquo;est dans les 72 heures que le client doit v\u00e9rifier les produits \u00e0 r\u00e9ception et exposer les \u00e9ventuelles objections qui pourraient exister.<\/li>\n\n\n\n<li>Si vous recevez un produit endommag\u00e9 par le transport, il est conseill\u00e9 de nous contacter dans les premi\u00e8res 24 heures pour pouvoir r\u00e9clamer l&rsquo;incident aupr\u00e8s du transporteur. De la m\u00eame mani\u00e8re, il est conseill\u00e9 d&rsquo;informer la soci\u00e9t\u00e9 de transport<\/li>\n<\/ul>\n\n\n\n<h2 class=\"wp-block-heading\">Retrait<\/h2>\n\n\n\n<p>\u00c0 ces fins, EBIR informe que le texte consolid\u00e9 de la loi g\u00e9n\u00e9rale pour la d\u00e9fense des consommateurs et des utilisateurs (TRLGDCU) \u00e9tablit plusieurs options pour pouvoir exercer le droit de r\u00e9tractation. Parmi eux, il y a la possibilit\u00e9 de le faire en remplissant un formulaire par voie \u00e9lectronique. Afin de raccourcir le d\u00e9lai et pour que vous puissiez effectuer le retour de mani\u00e8re confortable et sans d\u00e9lai, chez EBIR nous vous conseillons d&rsquo;utiliser cette option et de remplir le formulaire de r\u00e9tractation en le demandant par email.<br>Conform\u00e9ment \u00e0 la l\u00e9gislation en vigueur, le contrat conclu pourra \u00eatre r\u00e9solu, sans qu&rsquo;il soit n\u00e9cessaire de justifier cette d\u00e9cision et sans p\u00e9nalit\u00e9 d&rsquo;aucune sorte, dans un d\u00e9lai de 14 jours calendaires \u00e0 compter de la r\u00e9ception de la marchandise par le client. Pour ce faire, les conditions \u00e9nonc\u00e9es dans le document doivent \u00eatre remplies.<\/p>\n\n\n\n<p>Une fois que nous recevrons le(s) produit(s), nous vous rembourserons votre argent selon le mode de paiement que vous avez utilis\u00e9.<br>Conditions de retour pour les clients priv\u00e9s<\/p>\n\n\n\n<ul class=\"wp-block-list\">\n<li>Toute marchandise doit \u00eatre retourn\u00e9e dans son emballage et conditions d&rsquo;origine, en parfait \u00e9tat et prot\u00e9g\u00e9e, en \u00e9vitant les autocollants, sceaux ou rubans adh\u00e9sifs directement sur la surface ou l&#8217;emballage de l&rsquo;article. Dans le cas contraire, EBIR se r\u00e9serve le droit de refuser le retour.<\/li>\n\n\n\n<li>Une fois que vous aurez rempli et envoy\u00e9 le formulaire de r\u00e9tractation, vous recevrez dans votre e-mail les instructions pour l&rsquo;envoyer \u00e0 nos installations. Vous devez envoyer la marchandise sans d\u00e9lai, dans un d\u00e9lai maximum de 14 jours calendaires \u00e0 compter du moment o\u00f9 vous nous faites part de votre volont\u00e9 d&rsquo;exercer ce droit.<\/li>\n\n\n\n<li>Les frais de transport occasionn\u00e9s par le retour seront \u00e0 la charge d&rsquo;EBIR.<\/li>\n\n\n\n<li>Une fois la marchandise re\u00e7ue et v\u00e9rifi\u00e9e qu&rsquo;elle est en parfait \u00e9tat, le remboursement du montant sera effectu\u00e9.<\/li>\n\n\n\n<li>Garantie<\/li>\n\n\n\n<li>La garantie ne couvre pas les d\u00e9fauts provoqu\u00e9s par une mauvaise utilisation du produit et\/ou des manipulations autres que celles n\u00e9cessaires pour \u00e9tablir sa nature, ses caract\u00e9ristiques ou son fonctionnement. Dans ces cas, le consommateur doit \u00eatre responsable de sa r\u00e9paration. Sont donc exclus de la garantie :<\/li>\n\n\n\n<li>Les d\u00e9fauts et d\u00e9t\u00e9riorations provoqu\u00e9s par des \u00e9v\u00e9nements ext\u00e9rieurs, des accidents, principalement \u00e9lectriques, l&rsquo;usure et une utilisation non conforme aux instructions d&rsquo;EBIR.<\/li>\n\n\n\n<li>Produits modifi\u00e9s ou r\u00e9par\u00e9s par le client ou toute autre personne non autoris\u00e9e par EBIR.<\/li>\n<\/ul>\n","protected":false},"excerpt":{"rendered":"<p>Propri\u00e9taire et conditions g\u00e9n\u00e9rales du contrat Les pr\u00e9sentes Conditions G\u00e9n\u00e9rales de Vente \u2013 ci-apr\u00e8s CGC -, r\u00e9gissent les conditions d&rsquo;achat des diff\u00e9rents produits propos\u00e9s sur notre site Internet : www.Speho.com, propri\u00e9t\u00e9 de EBIR ILUMINACI\u00d3N SL, (ci-apr\u00e8s, EBIR) avec CIF : B96356886 et adresse fiscale et sociale : RUE VILLE DE BARCELONE, S\/N Portes 2 et [&hellip;]<\/p>\n","protected":false},"author":3,"featured_media":0,"parent":0,"menu_order":0,"comment_status":"closed","ping_status":"closed","template":"blank-page-with-container.php","meta":{"_uag_custom_page_level_css":"","pgc_sgb_lightbox_settings":"","footnotes":"","_links_to":"","_links_to_target":""},"class_list":["post-7757","page","type-page","status-publish","hentry"],"uagb_featured_image_src":{"full":false,"thumbnail":false,"medium":false,"medium_large":false,"large":false,"1536x1536":false,"2048x2048":false,"the_grid_size1":false,"the_grid_size2":false,"the_grid_size3":false,"the_grid_size4":false,"the_grid_size5":false},"uagb_author_info":{"display_name":"elisa madrid","author_link":"https:\/\/speho.com\/fr\/author\/elisa\/"},"uagb_comment_info":0,"uagb_excerpt":"Propri\u00e9taire et conditions g\u00e9n\u00e9rales du contrat Les pr\u00e9sentes Conditions G\u00e9n\u00e9rales de Vente \u2013 ci-apr\u00e8s CGC -, r\u00e9gissent les conditions d&rsquo;achat des diff\u00e9rents produits propos\u00e9s sur notre site Internet : www.Speho.com, propri\u00e9t\u00e9 de EBIR ILUMINACI\u00d3N SL, (ci-apr\u00e8s, EBIR) avec CIF : B96356886 et adresse fiscale et sociale : RUE VILLE DE BARCELONE, S\/N Portes 2 et\u2026","jetpack_sharing_enabled":true,"_links":{"self":[{"href":"https:\/\/speho.com\/fr\/wp-json\/wp\/v2\/pages\/7757","targetHints":{"allow":["GET"]}}],"collection":[{"href":"https:\/\/speho.com\/fr\/wp-json\/wp\/v2\/pages"}],"about":[{"href":"https:\/\/speho.com\/fr\/wp-json\/wp\/v2\/types\/page"}],"author":[{"embeddable":true,"href":"https:\/\/speho.com\/fr\/wp-json\/wp\/v2\/users\/3"}],"replies":[{"embeddable":true,"href":"https:\/\/speho.com\/fr\/wp-json\/wp\/v2\/comments?post=7757"}],"version-history":[{"count":2,"href":"https:\/\/speho.com\/fr\/wp-json\/wp\/v2\/pages\/7757\/revisions"}],"predecessor-version":[{"id":7760,"href":"https:\/\/speho.com\/fr\/wp-json\/wp\/v2\/pages\/7757\/revisions\/7760"}],"wp:attachment":[{"href":"https:\/\/speho.com\/fr\/wp-json\/wp\/v2\/media?parent=7757"}],"curies":[{"name":"wp","href":"https:\/\/api.w.org\/{rel}","templated":true}]}}