{"id":7972,"date":"2024-12-14T20:23:52","date_gmt":"2024-12-14T19:23:52","guid":{"rendered":"https:\/\/speho.com\/?page_id=7972"},"modified":"2024-12-14T20:23:55","modified_gmt":"2024-12-14T19:23:55","slug":"avis-juridique","status":"publish","type":"page","link":"https:\/\/speho.com\/fr\/avis-juridique\/","title":{"rendered":"Avis juridique"},"content":{"rendered":"<style>.wp-block-kadence-spacer.kt-block-spacer-7972_139f6f-36 .kt-block-spacer{height:60px;}.wp-block-kadence-spacer.kt-block-spacer-7972_139f6f-36 .kt-divider{border-top-width:1px;height:1px;border-top-color:#eee;width:80%;border-top-style:solid;}<\/style>\n<div class=\"wp-block-kadence-spacer aligncenter kt-block-spacer-7972_139f6f-36\"><div class=\"kt-block-spacer kt-block-spacer-halign-center\"><hr class=\"kt-divider\"\/><\/div><\/div>\n\n\n<style>.wp-block-kadence-spacer.kt-block-spacer-7972_fec044-b0 .kt-block-spacer{height:60px;}.wp-block-kadence-spacer.kt-block-spacer-7972_fec044-b0 .kt-divider{border-top-width:1px;height:1px;border-top-color:#eee;width:80%;border-top-style:solid;}<\/style>\n<div class=\"wp-block-kadence-spacer aligncenter kt-block-spacer-7972_fec044-b0\"><div class=\"kt-block-spacer kt-block-spacer-halign-center\"><hr class=\"kt-divider\"\/><\/div><\/div>\n\n\n<style>.wp-block-kadence-spacer.kt-block-spacer-7972_8ccff1-88 .kt-block-spacer{height:60px;}.wp-block-kadence-spacer.kt-block-spacer-7972_8ccff1-88 .kt-divider{border-top-width:1px;height:1px;border-top-color:#eee;width:80%;border-top-style:solid;}<\/style>\n<div class=\"wp-block-kadence-spacer aligncenter kt-block-spacer-7972_8ccff1-88\"><div class=\"kt-block-spacer kt-block-spacer-halign-center\"><hr class=\"kt-divider\"\/><\/div><\/div>\n\n\n\n<h1 class=\"wp-block-heading\"><strong>AVIS JURIDIQUE<\/strong><\/h1>\n\n\n\n<p>&nbsp;Date de derni\u00e8re mise \u00e0 jour : 14\/03\/2024<\/p>\n\n\n\n<h2 class=\"wp-block-heading\">PROTECTION DES DONN\u00c9ES PERSONNELLES<\/h2>\n\n\n\n<h3 class=\"wp-block-heading\"><strong>DONN\u00c9ES DU RESPONSABLE<\/strong><\/h3>\n\n\n\n<ul class=\"wp-block-list\">\n<li>Identit\u00e9 du responsable : EBIR ILUMINACI\u00d3N SL (ci-apr\u00e8s, SPEHO)<\/li>\n\n\n\n<li>CIF&nbsp;:&nbsp;B96356886<\/li>\n\n\n\n<li>Adresse physique : C\/ Ciudad de Barcelona, \u200b\u200b\u200b\u200b6, 46988, Paterna, Valence.<\/li>\n\n\n\n<li>T\u00e9l\u00e9phone : 961 580 605<\/li>\n<\/ul>\n\n\n\n<h3 class=\"wp-block-heading\"><strong>BUT DU TRAITEMENT<\/strong><\/h3>\n\n\n\n<p>Sur www.speho.com, les donn\u00e9es personnelles sont trait\u00e9es aux fins suivantes :<\/p>\n\n\n\n<ul class=\"wp-block-list\">\n<li>Contact g\u00e9n\u00e9ral : r\u00e9pondre aux demandes d&rsquo;informations sur les produits que nous proposons, afin de r\u00e9pondre \u00e0 vos questions et vous adresser des informations li\u00e9es \u00e0 votre demande.<\/li>\n\n\n\n<li>Travaillez avec nous : r\u00e9alisez les processus internes de s\u00e9lection du personnel, actuels et futurs.<\/li>\n\n\n\n<li>Syst\u00e8me d&rsquo;information interne&nbsp;: Traitement de donn\u00e9es personnelles dans le but de g\u00e9rer le syst\u00e8me d&rsquo;information interne ou le canal \u00e9thique, d&rsquo;enqu\u00eater sur les faits et de proposer des mesures de r\u00e9solution, de pr\u00e9venir les violations r\u00e9glementaires et de corriger celles d\u00e9j\u00e0 d\u00e9tect\u00e9es, ainsi que de contribuer \u00e0 l&rsquo;efficacit\u00e9 du fonctionnement du Organisation avec l&rsquo;am\u00e9lioration continue des processus internes de gestion et de contr\u00f4le des conduites ill\u00e9gales ou contraires \u00e0 la culture \u00e9thique de l&rsquo;Organisation<\/li>\n<\/ul>\n\n\n\n<h3 class=\"wp-block-heading\"><strong>CRIT\u00c8RES DE CONSERVATION DES DONN\u00c9ES<\/strong><\/h3>\n\n\n\n<p>Sur www.speho.com, les donn\u00e9es personnelles sont trait\u00e9es et seront conserv\u00e9es aussi longtemps qu&rsquo;il existe un int\u00e9r\u00eat mutuel \u00e0 maintenir la finalit\u00e9 du traitement et lorsqu&rsquo;elles ne seront plus n\u00e9cessaires \u00e0 cette finalit\u00e9, elles seront supprim\u00e9es avec des mesures de s\u00e9curit\u00e9 appropri\u00e9es pour garantir la pseudonymisation des donn\u00e9es ou leur destruction totale. De plus, les donn\u00e9es personnelles seront trait\u00e9es pendant les p\u00e9riodes suivantes :<\/p>\n\n\n\n<ul class=\"wp-block-list\">\n<li>Contact g\u00e9n\u00e9ral : la dur\u00e9e de conservation des donn\u00e9es sera prolong\u00e9e jusqu&rsquo;\u00e0 ce que l&rsquo;utilisateur exprime express\u00e9ment son droit \u00e0 la suppression.<\/li>\n\n\n\n<li>Travaillez avec nous : Les donn\u00e9es seront conserv\u00e9es tant que le candidat n&rsquo;exprimera pas son droit de r\u00e9tractation.<\/li>\n<\/ul>\n\n\n\n<p>Les donn\u00e9es seront conserv\u00e9es aussi longtemps que n\u00e9cessaire pour atteindre la finalit\u00e9 pour laquelle elles ont \u00e9t\u00e9 collect\u00e9es. Dans tous les cas, apr\u00e8s trois mois \u00e0 compter de l&rsquo;introduction des donn\u00e9es, celles-ci seront supprim\u00e9es du syst\u00e8me de plaintes, \u00e0 moins que le but de la conservation soit de laisser la preuve du fonctionnement du mod\u00e8le de pr\u00e9vention de la commission de d\u00e9lits par la personne morale. Pass\u00e9 le d\u00e9lai susmentionn\u00e9, les donn\u00e9es pourront continuer \u00e0 \u00eatre trait\u00e9es par l&rsquo;organisme charg\u00e9 de l&rsquo;enqu\u00eate sur les \u00e9v\u00e9nements signal\u00e9s et ne seront pas conserv\u00e9es dans le syst\u00e8me d&rsquo;information interne des r\u00e9clamations lui-m\u00eame.<\/p>\n\n\n\n<h3 class=\"wp-block-heading\"><strong>L\u00c9GITIMATION AU TRAITEMENT DE DONN\u00c9ES<\/strong><\/h3>\n\n\n\n<p>Les utilisateurs qui acc\u00e8dent \u00e0 notre site Web ou envoient des donn\u00e9es via les moyens de contact \u00e9lectroniques indiqu\u00e9s acceptent le pr\u00e9sent avis juridique. De m\u00eame, ceux qui remplissent les formulaires en cochant les cases correspondantes et en saisissant les donn\u00e9es dans les champs marqu\u00e9s d&rsquo;un ast\u00e9risque (*) dans le formulaire de contact, acceptent express\u00e9ment, librement et sans \u00e9quivoque les conditions de confidentialit\u00e9, et que les donn\u00e9es incluses volontairement dans le reste champs est n\u00e9cessaire pour r\u00e9pondre \u00e0 votre demande de notre part. L&rsquo;utilisateur garantit que les donn\u00e9es personnelles fournies \u00e0 SPEHO sont v\u00e9ridiques et est responsable de communiquer toute modification de celles-ci.<\/p>\n\n\n\n<p>La base juridique des traitements d\u00e9crits est le consentement de l&rsquo;utilisateur, qui, par ses actions volontaires, nous donne son autorisation pour les diff\u00e9rentes finalit\u00e9s sp\u00e9cifi\u00e9es. En outre, le consentement peut \u00eatre r\u00e9voqu\u00e9 \u00e0 tout moment par l&rsquo;int\u00e9ress\u00e9 s&rsquo;il le d\u00e9clare.<\/p>\n\n\n\n<p>En outre, SPEHO informe et garantit express\u00e9ment aux utilisateurs que leurs donn\u00e9es personnelles ne seront en aucun cas c\u00e9d\u00e9es \u00e0 des tiers, et que chaque fois que tout type de transfert de donn\u00e9es personnelles sera effectu\u00e9, un consentement expr\u00e8s, \u00e9clair\u00e9 et sans \u00e9quivoque sera pr\u00e9alablement demand\u00e9 aux utilisateurs. . Toutes les donn\u00e9es demand\u00e9es via le site Web sont obligatoires, car elles sont n\u00e9cessaires pour fournir un service optimal \u00e0 l&rsquo;utilisateur. Si toutes les donn\u00e9es ne sont pas fournies, il n&rsquo;est pas garanti que les informations et les services fournis soient enti\u00e8rement adapt\u00e9s \u00e0 vos besoins.<\/p>\n\n\n\n<p>Concernant le syst\u00e8me d&rsquo;information interne, la finalit\u00e9 du traitement est l\u00e9gitim\u00e9e par une obligation l\u00e9gale : la loi 2\/2023, du 20 f\u00e9vrier, r\u00e9glementant la protection des personnes qui signalent des infractions r\u00e9glementaires et la lutte contre la corruption.<\/p>\n\n\n\n<h3 class=\"wp-block-heading\"><strong>COMMUNICATION DE DONN\u00c9ES<\/strong><\/h3>\n\n\n\n<p>Les donn\u00e9es ne seront pas communiqu\u00e9es \u00e0 des tiers, sauf obligation l\u00e9gale. Nous partageons \u00e9galement des informations personnelles avec certaines soci\u00e9t\u00e9s qui fournissent des services \u00e0 notre entreprise (support et d\u00e9veloppement Web). Nous partageons uniquement les informations personnelles n\u00e9cessaires pour fournir ces services. Nous demandons \u00e0 toute entreprise avec laquelle nous pouvons partager des informations personnelles de prot\u00e9ger ces donn\u00e9es d&rsquo;une mani\u00e8re conforme aux dispositions de cette politique et de limiter l&rsquo;utilisation de ces informations personnelles \u00e0 la fourniture de services, ainsi que de signer des accords d&rsquo;acc\u00e8s appropri\u00e9s. donn\u00e9es conform\u00e9ment aux r\u00e8gles de protection des donn\u00e9es requises dans ces cas. De m\u00eame, nous vous informons que les virements internationaux ne s\u2019effectuent pas en dehors de l\u2019Espace \u00c9conomique Europ\u00e9en.<\/p>\n\n\n\n<h3 class=\"wp-block-heading\"><strong>DROITS DE L&rsquo;UTILISATEUR<\/strong><\/h3>\n\n\n\n<p>L&rsquo;int\u00e9ress\u00e9 peut exercer ses droits en mati\u00e8re de protection des donn\u00e9es (acc\u00e8s, rectification, opposition, suppression, limitation, portabilit\u00e9 et ne pas faire l&rsquo;objet de d\u00e9cisions individuelles automatis\u00e9es) par email \u00e0&nbsp;&nbsp;<a href=\"mailto:rgpd@ebir.com?_x_tr_sl=es&amp;_x_tr_tl=fr&amp;_x_tr_hl=es&amp;_x_tr_pto=wapp\">rgpd@ebir.com<\/a>&nbsp;.<\/p>\n\n\n\n<p>Les donn\u00e9es personnelles collect\u00e9es pourront \u00eatre communiqu\u00e9es \u00e0 l&rsquo;administration publique comp\u00e9tente en la mati\u00e8re et \u00e0 des tiers lorsque cela est n\u00e9cessaire pour l&rsquo;adoption de mesures disciplinaires ou pour le d\u00e9roulement de proc\u00e9dures judiciaires qui, le cas \u00e9ch\u00e9ant, pourraient \u00eatre appropri\u00e9es.<\/p>\n\n\n\n<p>Des documents prouvant l\u2019identit\u00e9 du demandeur peuvent \u00eatre exig\u00e9s (copie du recto de la pi\u00e8ce d\u2019identit\u00e9 nationale, ou \u00e9quivalent). Le d\u00e9lai de r\u00e9ponse maximum sera de 30 jours \u00e0 compter de la r\u00e9ception et pourra \u00eatre prolong\u00e9 pour une dur\u00e9e maximale de 2 mois si n\u00e9cessaire.<\/p>\n\n\n\n<p>Dans tous les cas, vous pouvez demander la protection aupr\u00e8s de l&rsquo;Agence espagnole de protection des donn\u00e9es via son site Internet.<\/p>\n\n\n\n<h2 class=\"wp-block-heading\">CONDITION D&rsquo;UTILISATION<\/h2>\n\n\n\n<p><strong>DONN\u00c9ES D&rsquo;IDENTIFICATION (Loi 34\/2002, du 11 juillet, sur les services de la soci\u00e9t\u00e9 de l&rsquo;information et du commerce \u00e9lectronique)<\/strong><\/p>\n\n\n\n<ul class=\"wp-block-list\">\n<li>Nom de l\u2019entreprise&nbsp;: EBIR ILUMINACI\u00d3N SL (ci-apr\u00e8s, SPEHO)<\/li>\n\n\n\n<li>CIF&nbsp;:&nbsp;B96356886<\/li>\n\n\n\n<li>Adresse : C\/ Ciudad de Barcelona, \u200b\u200b\u200b\u200b6, 46988, Paterna, Valence<\/li>\n\n\n\n<li>T\u00e9l\u00e9phone : 961 580 605<\/li>\n\n\n\n<li>Donn\u00e9es d&rsquo;inscription : Inscrite au Registre du Commerce de Valence, volume 5064 G\u00e9n\u00e9ral 2372, Section G\u00e9n\u00e9rale Livre des Entreprises, Folio 19, Feuille V38468,<\/li>\n<\/ul>\n\n\n\n<h3 class=\"wp-block-heading\"><strong>UTILISATION DU WEB<\/strong><\/h3>\n\n\n\n<p>SPEHO, responsable du site Web, ci-apr\u00e8s RESPONSABLE, met \u00e0 la disposition des utilisateurs ce document, avec lequel elle entend respecter les obligations \u00e9nonc\u00e9es dans la loi 34\/2002, du 11 juillet, sur les services de la soci\u00e9t\u00e9 de l&rsquo;information et du commerce \u00e9lectronique (LSSICE). , BOE n\u00b0 166, ainsi que d&rsquo;informer tous les utilisateurs du site Internet des conditions d&rsquo;utilisation.<\/p>\n\n\n\n<p>Toute personne qui acc\u00e8de \u00e0 ce site Web assume le r\u00f4le d&rsquo;utilisateur, s&rsquo;engageant au strict respect et au respect des dispositions contenues dans le pr\u00e9sent document, ainsi que de toute autre disposition l\u00e9gale applicable.<\/p>\n\n\n\n<p>SPEHO se r\u00e9serve le droit de retirer ou de modifier tout type d&rsquo;information qui pourrait appara\u00eetre sur le site Internet, qui porterait atteinte au respect de la dignit\u00e9 de la personne, qui serait discriminatoire, x\u00e9nophobe, raciste, pornographique, qui porterait atteinte \u00e0 la jeunesse ou \u00e0 l&rsquo;enfance, \u00e0 l&rsquo;ordre ou \u00e0 la s\u00e9curit\u00e9 publique ou qui, \u00e0 leur avis, ne sont pas appropri\u00e9s \u00e0 la publication car ils ne sont pas li\u00e9s \u00e0 l&rsquo;objectif. Le tout, sans qu&rsquo;il existe aucune obligation de notification ou d&rsquo;information des utilisateurs desdites obligations, la publication sur ce site www.speho.com \u00e9tant consid\u00e9r\u00e9e comme suffisante.<\/p>\n\n\n\n<p>Dans tous les cas, SPEHO, en tant qu&rsquo;administrateur de son site Internet, agira avec diligence d\u00e8s qu&rsquo;elle aura connaissance d&rsquo;actes commis \u00e0 l&rsquo;encontre des pr\u00e9sentes Mentions L\u00e9gales ou de sa Politique de Confidentialit\u00e9.<\/p>\n\n\n\n<h3 class=\"wp-block-heading\"><strong>POLITIQUE DE LIEN<\/strong><\/h3>\n\n\n\n<p>\u00c0 partir du site Web, vous pouvez \u00eatre redirig\u00e9 vers du contenu sur des sites Web tiers. \u00c9tant donn\u00e9 que SPEHO ne peut pas toujours contr\u00f4ler les contenus introduits par des tiers sur leurs sites Web respectifs, elle n&rsquo;assume aucune responsabilit\u00e9 quant \u00e0 ces contenus. En todo caso, proceder\u00e1 a la retirada inmediata de cualquier contenido que pudiera contravenir la legislaci\u00f3n nacional o internacional, la moral o el orden p\u00fablico, procediendo a la retirada inmediata de la redirecci\u00f3n a dicho sitio web, poniendo en conocimiento de las autoridades competentes el contenido en question.<\/p>\n\n\n\n<p>SPEHO n&rsquo;est pas responsable des informations et contenus stock\u00e9s, \u00e0 titre d&rsquo;exemple mais sans s&rsquo;y limiter, dans les forums, chats, g\u00e9n\u00e9rateurs de blogs, commentaires, r\u00e9seaux sociaux ou tout autre moyen permettant \u00e0 des tiers de publier du contenu de mani\u00e8re ind\u00e9pendante sur le site SPEHO. . Cependant, et conform\u00e9ment aux dispositions des articles 11 et 16 de la LSSICE, il est mis \u00e0 la disposition de tous les utilisateurs, autorit\u00e9s et forces de s\u00e9curit\u00e9, collaborant activement au retrait ou, le cas \u00e9ch\u00e9ant, au blocage de tous les contenus susceptibles d&rsquo;affecter ou de contrevenir. la l\u00e9gislation nationale ou internationale, les droits des tiers ou encore les bonnes m\u0153urs et l&rsquo;ordre public. Si l&rsquo;utilisateur estime qu&rsquo;il existe un contenu sur le site Web susceptible d&rsquo;\u00eatre soumis \u00e0 cette classification, il est pri\u00e9 d&rsquo;en informer imm\u00e9diatement l&rsquo;administrateur du site Web.<\/p>\n\n\n\n<h3 class=\"wp-block-heading\"><strong>ADRESSES IP<\/strong><\/h3>\n\n\n\n<p>Les serveurs du site Web peuvent d\u00e9tecter automatiquement l&rsquo;adresse IP et le nom de domaine utilis\u00e9s par l&rsquo;utilisateur. Une adresse IP est un num\u00e9ro automatiquement attribu\u00e9 \u00e0 un ordinateur lorsqu&rsquo;il se connecte \u00e0 Internet. Toutes ces informations sont enregistr\u00e9es dans un fichier d&rsquo;activit\u00e9 du serveur d\u00fbment enregistr\u00e9 qui permet le traitement ult\u00e9rieur des donn\u00e9es afin d&rsquo;obtenir uniquement des mesures statistiques permettant de conna\u00eetre le nombre d&rsquo;impressions de pages, le nombre de visites effectu\u00e9es sur les serveurs Web, l&rsquo;ordre des visites. , le point d&rsquo;acc\u00e8s, etc.<\/p>\n\n\n\n<h3 class=\"wp-block-heading\"><strong>DROITS DE PROPRI\u00c9T\u00c9 INTELLECTUELLE<\/strong><\/h3>\n\n\n\n<p>Le site Internet, incluant sans s&rsquo;y limiter sa programmation, son \u00e9dition, sa compilation et autres \u00e9l\u00e9ments n\u00e9cessaires \u00e0 son fonctionnement, les designs, logos, textes et\/ou graphismes, sont la propri\u00e9t\u00e9 de SPEHO ou, le cas \u00e9ch\u00e9ant, font l&rsquo;objet d&rsquo;une licence ou d&rsquo;une autorisation expresse de. les auteurs. Tous les contenus du site Web sont d\u00fbment prot\u00e9g\u00e9s par la r\u00e9glementation en mati\u00e8re de propri\u00e9t\u00e9 intellectuelle et industrielle, ainsi que enregistr\u00e9s dans les registres publics correspondants.<\/p>\n\n\n\n<p>Quelle que soit la finalit\u00e9 pour laquelle ils sont destin\u00e9s, la reproduction totale ou partielle, l&rsquo;utilisation, l&rsquo;exploitation, la distribution et la commercialisation n\u00e9cessitent dans tous les cas l&rsquo;autorisation \u00e9crite pr\u00e9alable de SPEHO. Toute utilisation non pr\u00e9alablement autoris\u00e9e est consid\u00e9r\u00e9e comme une violation grave des droits de propri\u00e9t\u00e9 intellectuelle ou industrielle de l&rsquo;auteur.<\/p>\n\n\n\n<p>Les dessins, logos, textes et\/ou graphiques autres que SPEHO qui pourraient appara\u00eetre sur le site appartiennent \u00e0 leurs propri\u00e9taires respectifs, qui sont eux-m\u00eames responsables de toute \u00e9ventuelle controverse qui pourrait survenir \u00e0 leur sujet. SPEHO autorise express\u00e9ment les tiers \u00e0 rediriger directement vers le contenu sp\u00e9cifique du site Internet, et en tout cas de rediriger vers le site Internet principal www.speho.com.<\/p>\n\n\n\n<p>SPEHO reconna\u00eet les droits de propri\u00e9t\u00e9 intellectuelle et industrielle correspondants en faveur de ses titulaires, et sa simple mention ou apparition sur le site Internet n&rsquo;implique pas l&rsquo;existence d&rsquo;un quelconque droit ou responsabilit\u00e9 sur ceux-ci, ni n&rsquo;implique l&rsquo;approbation, le parrainage ou la recommandation de sa part.<\/p>\n\n\n\n<p>Pour faire tout type d&rsquo;observation concernant d&rsquo;\u00e9ventuelles violations des droits de propri\u00e9t\u00e9 intellectuelle ou industrielle, ainsi que sur tout contenu du site Web, vous pouvez le faire en envoyant un courrier \u00e9lectronique \u00e0&nbsp;&nbsp;<a href=\"mailto:rgpd@ebir.com?_x_tr_sl=es&amp;_x_tr_tl=fr&amp;_x_tr_hl=es&amp;_x_tr_pto=wapp\">rgpd@ebir.com<\/a>&nbsp;.<\/p>\n\n\n\n<h3 class=\"wp-block-heading\"><strong>LIMITATION DE RESPONSABILIT\u00c9<\/strong><\/h3>\n\n\n\n<p>SPEHO sera responsable de tout dommage que l&rsquo;utilisateur pourrait subir \u00e0 la suite de l&rsquo;utilisation du site Web, lorsque ces dommages sont directement imputables \u00e0 une mauvaise action de cette entit\u00e9, apr\u00e8s avoir prouv\u00e9 qu&rsquo;elle n&rsquo;a pas respect\u00e9 les exigences et exigences l\u00e9gales et r\u00e9glementaires \u00e9tablies. Il appartient \u00e0 l&rsquo;utilisateur d&rsquo;adopter toutes les mesures techniques appropri\u00e9es pour ma\u00eetriser raisonnablement les risques li\u00e9s \u00e0 la navigation ouverte sur Internet et \u00e9viter tout dommage \u00e0 son \u00e9quipement, perte de donn\u00e9es et vol d&rsquo;informations confidentielles.<\/p>\n\n\n\n<p>Ce site Web a \u00e9t\u00e9 examin\u00e9 et test\u00e9 pour fonctionner correctement. En principe, le bon fonctionnement peut \u00eatre garanti 365 jours par an, 24 heures sur 24. Cependant, SPEHO n&rsquo;est pas responsable des dommages pouvant r\u00e9sulter d&rsquo;interf\u00e9rences, omissions, interruptions, virus informatiques, pannes et\/ou d\u00e9connexions dans le fonctionnement op\u00e9rationnel de ce site Web ou dans les appareils et \u00e9quipements informatiques des utilisateurs, caus\u00e9s par des raisons ind\u00e9pendantes de la volont\u00e9 de SPEHO. contr\u00f4le, qui emp\u00eachent ou retardent la fourniture de services ou la navigation sur le site Web, ni pour des retards ou des blocages d&rsquo;utilisation caus\u00e9s par des d\u00e9ficiences ou des surcharges d&rsquo;Internet ou d&rsquo;autres syst\u00e8mes, ni pour l&rsquo;impossibilit\u00e9 de fournir le service ou d&rsquo;autoriser l&rsquo;acc\u00e8s pour des raisons non imputables \u00e0 SPEHO du fait de l&rsquo;utilisateur, de tiers ou de cas de force majeure. SPEHO ne sera pas responsable si elle n&rsquo;a pas la connaissance r\u00e9elle que l&rsquo;activit\u00e9 ou l&rsquo;information \u00e0 laquelle elle renvoie ou recommande \u00e0 travers ses liens est ill\u00e9gale ou qu&rsquo;elle porte atteinte \u00e0 la propri\u00e9t\u00e9 ou aux droits d&rsquo;un tiers susceptible d&rsquo;\u00eatre indemnis\u00e9, ou si elle le fait, elle agit avec diligence pour supprimer ou d\u00e9sactiver le lien ou les informations correspondantes.<\/p>\n\n\n\n<h3 class=\"wp-block-heading\"><strong>S\u00c9CURIT\u00c9 WEB<\/strong><\/h3>\n\n\n\n<p>Le site Web utilise des techniques de s\u00e9curit\u00e9 de l&rsquo;information commun\u00e9ment accept\u00e9es dans l&rsquo;industrie, telles que des pare-feu, des proc\u00e9dures de contr\u00f4le d&rsquo;acc\u00e8s, des communications s\u00e9curis\u00e9es ou des m\u00e9canismes cryptographiques, entre autres, dans le but de pr\u00e9venir et de r\u00e9duire les incidents de s\u00e9curit\u00e9 des donn\u00e9es (confidentialit\u00e9, int\u00e9grit\u00e9 et disponibilit\u00e9). Pour atteindre ces objectifs, l&rsquo;utilisateur accepte que le fournisseur obtienne des donn\u00e9es aux fins de l&rsquo;authentification correspondante des contr\u00f4les d&rsquo;acc\u00e8s et de la fourniture des services qui doivent \u00eatre ex\u00e9cut\u00e9s pour l&rsquo;utilisation du site Web.<\/p>\n\n\n\n<p>La s\u00e9curit\u00e9 en ligne s&rsquo;\u00e9tablit \u00e9galement \u00e0 travers les param\u00e8tres de configuration des diff\u00e9rents navigateurs web, sa consultation est donc fortement recommand\u00e9e.<\/p>\n\n\n\n<h3 class=\"wp-block-heading\"><strong>JURIDICTION ET LOIS APPLICABLES<\/strong><\/h3>\n\n\n\n<p>Pour la r\u00e9solution de tous les litiges ou probl\u00e8mes li\u00e9s \u00e0 ce site Web ou aux activit\u00e9s qui y sont r\u00e9alis\u00e9es, la l\u00e9gislation espagnole s&rsquo;appliquera, \u00e0 laquelle les parties se soumettent express\u00e9ment, \u00e9tant comp\u00e9tentes pour la r\u00e9solution de tous les conflits survenant ou li\u00e9s \u00e0 son utilisation, les Cours et Tribunaux. le plus proche de VALENCE.<\/p>\n\n\n\n<h3 class=\"wp-block-heading\"><strong>MODIFICATION DES MENTIONS L\u00c9GALES<\/strong><\/h3>\n\n\n\n<p>Eventuellement, les pr\u00e9sentes Mentions L\u00e9gales pourront \u00eatre revues afin d&rsquo;actualiser les \u00e9volutions de la l\u00e9gislation en vigueur, l&rsquo;actualisation de nos proc\u00e9dures de collecte et d&rsquo;utilisation des informations, l&rsquo;apparition de nouveaux services ou l&rsquo;exclusion d&rsquo;autres. Ces modifications entreront en vigueur d\u00e8s leur publication sur le site Internet, il est donc important que vous consultiez r\u00e9guli\u00e8rement les pr\u00e9sentes Mentions L\u00e9gales afin de rester inform\u00e9 de tout changement.<\/p>\n\n\n\n<h3 class=\"wp-block-heading\"><strong>BISCUITS<\/strong><\/h3>\n\n\n\n<p>Consultez la \u00ab&nbsp;<a href=\"https:\/\/translate.google.com\/website?sl=es&amp;tl=fr&amp;hl=es&amp;client=webapp&amp;u=http:\/\/speho.com\/politica-de-cookies\/\">Politique Cookies<\/a>&nbsp;\u00bb.<\/p>\n","protected":false},"excerpt":{"rendered":"<p>AVIS JURIDIQUE &nbsp;Date de derni\u00e8re mise \u00e0 jour : 14\/03\/2024 PROTECTION DES DONN\u00c9ES PERSONNELLES DONN\u00c9ES DU RESPONSABLE BUT DU TRAITEMENT Sur www.speho.com, les donn\u00e9es personnelles sont trait\u00e9es aux fins suivantes : CRIT\u00c8RES DE CONSERVATION DES DONN\u00c9ES Sur www.speho.com, les donn\u00e9es personnelles sont trait\u00e9es et seront conserv\u00e9es aussi longtemps qu&rsquo;il existe un int\u00e9r\u00eat mutuel \u00e0 maintenir [&hellip;]<\/p>\n","protected":false},"author":3,"featured_media":0,"parent":0,"menu_order":0,"comment_status":"closed","ping_status":"closed","template":"blank-page-with-container.php","meta":{"_uag_custom_page_level_css":"","pgc_sgb_lightbox_settings":"","footnotes":"","_links_to":"","_links_to_target":""},"class_list":["post-7972","page","type-page","status-publish","hentry"],"uagb_featured_image_src":{"full":false,"thumbnail":false,"medium":false,"medium_large":false,"large":false,"1536x1536":false,"2048x2048":false,"the_grid_size1":false,"the_grid_size2":false,"the_grid_size3":false,"the_grid_size4":false,"the_grid_size5":false},"uagb_author_info":{"display_name":"elisa madrid","author_link":"https:\/\/speho.com\/fr\/author\/elisa\/"},"uagb_comment_info":0,"uagb_excerpt":"AVIS JURIDIQUE &nbsp;Date de derni\u00e8re mise \u00e0 jour : 14\/03\/2024 PROTECTION DES DONN\u00c9ES PERSONNELLES DONN\u00c9ES DU RESPONSABLE BUT DU TRAITEMENT Sur www.speho.com, les donn\u00e9es personnelles sont trait\u00e9es aux fins suivantes : CRIT\u00c8RES DE CONSERVATION DES DONN\u00c9ES Sur www.speho.com, les donn\u00e9es personnelles sont trait\u00e9es et seront conserv\u00e9es aussi longtemps qu&rsquo;il existe un int\u00e9r\u00eat mutuel \u00e0 maintenir\u2026","jetpack_sharing_enabled":true,"_links":{"self":[{"href":"https:\/\/speho.com\/fr\/wp-json\/wp\/v2\/pages\/7972","targetHints":{"allow":["GET"]}}],"collection":[{"href":"https:\/\/speho.com\/fr\/wp-json\/wp\/v2\/pages"}],"about":[{"href":"https:\/\/speho.com\/fr\/wp-json\/wp\/v2\/types\/page"}],"author":[{"embeddable":true,"href":"https:\/\/speho.com\/fr\/wp-json\/wp\/v2\/users\/3"}],"replies":[{"embeddable":true,"href":"https:\/\/speho.com\/fr\/wp-json\/wp\/v2\/comments?post=7972"}],"version-history":[{"count":1,"href":"https:\/\/speho.com\/fr\/wp-json\/wp\/v2\/pages\/7972\/revisions"}],"predecessor-version":[{"id":7973,"href":"https:\/\/speho.com\/fr\/wp-json\/wp\/v2\/pages\/7972\/revisions\/7973"}],"wp:attachment":[{"href":"https:\/\/speho.com\/fr\/wp-json\/wp\/v2\/media?parent=7972"}],"curies":[{"name":"wp","href":"https:\/\/api.w.org\/{rel}","templated":true}]}}